{"id":3462,"date":"2024-08-14T15:36:11","date_gmt":"2024-08-14T13:36:11","guid":{"rendered":"https:\/\/breyer-rechtsanwaelte.de\/?page_id=3462"},"modified":"2024-09-23T10:02:50","modified_gmt":"2024-09-23T08:02:50","slug":"vertragsgestaltung-streitschlichtung","status":"publish","type":"page","link":"https:\/\/breyer-rechtsanwaelte.de\/en\/international\/vertragsgestaltung-streitschlichtung\/","title":{"rendered":"Contract drafting &amp; dispute resolution"},"content":{"rendered":"<div data-elementor-type=\"wp-page\" data-elementor-id=\"3462\" class=\"elementor elementor-3462\" data-elementor-post-type=\"page\">\n\t\t\t\t<div class=\"elementor-element elementor-element-b4aebe5 e-con-full e-flex e-con e-parent\" data-id=\"b4aebe5\" data-element_type=\"container\">\n\t\t\t\t<div class=\"elementor-element elementor-element-b83971c elementor-invisible elementor-widget elementor-widget-heading\" data-id=\"b83971c\" data-element_type=\"widget\" data-settings=\"{&quot;_animation&quot;:&quot;fadeInUp&quot;}\" data-widget_type=\"heading.default\">\n\t\t\t\t\t<h1 class=\"elementor-heading-title elementor-size-default\">Contract drafting &amp; dispute resolution<\/h1>\t\t\t\t<\/div>\n\t\t\t\t<div class=\"elementor-element elementor-element-4b93b90 elementor-icon-list--layout-inline elementor-list-item-link-full_width elementor-invisible elementor-widget elementor-widget-icon-list\" data-id=\"4b93b90\" data-element_type=\"widget\" data-settings=\"{&quot;_animation&quot;:&quot;fadeInUp&quot;,&quot;_animation_delay&quot;:100}\" data-widget_type=\"icon-list.default\">\n\t\t\t\t\t\t\t<ul class=\"elementor-icon-list-items elementor-inline-items\">\n\t\t\t\t\t\t\t<li class=\"elementor-icon-list-item elementor-inline-item\">\n\t\t\t\t\t\t\t\t\t\t\t<a href=\"https:\/\/breyer-rechtsanwaelte.de\/en\">\n\n\t\t\t\t\t\t\t\t\t\t\t<span class=\"elementor-icon-list-text\">Home<\/span>\n\t\t\t\t\t\t\t\t\t\t\t<\/a>\n\t\t\t\t\t\t\t\t\t<\/li>\n\t\t\t\t\t\t\t\t<li class=\"elementor-icon-list-item elementor-inline-item\">\n\t\t\t\t\t\t\t\t\t\t\t<a href=\"https:\/\/breyer-rechtsanwaelte.de\/en\/international\/\">\n\n\t\t\t\t\t\t\t\t\t\t\t\t<span class=\"elementor-icon-list-icon\">\n\t\t\t\t\t\t\t<i aria-hidden=\"true\" class=\"material-icons-sharp md-arrow_forward\" data-md-icon=\"arrow_forward\"><\/i>\t\t\t\t\t\t<\/span>\n\t\t\t\t\t\t\t\t\t\t<span class=\"elementor-icon-list-text\">International<\/span>\n\t\t\t\t\t\t\t\t\t\t\t<\/a>\n\t\t\t\t\t\t\t\t\t<\/li>\n\t\t\t\t\t\t\t\t<li class=\"elementor-icon-list-item elementor-inline-item\">\n\t\t\t\t\t\t\t\t\t\t\t<span class=\"elementor-icon-list-icon\">\n\t\t\t\t\t\t\t<i aria-hidden=\"true\" class=\"material-icons-sharp md-arrow_forward\" data-md-icon=\"arrow_forward\"><\/i>\t\t\t\t\t\t<\/span>\n\t\t\t\t\t\t\t\t\t\t<span class=\"elementor-icon-list-text\">Contract drafting &amp; dispute resolution<\/span>\n\t\t\t\t\t\t\t\t\t<\/li>\n\t\t\t\t\t\t<\/ul>\n\t\t\t\t\t\t<\/div>\n\t\t\t\t<\/div>\n\t\t<div class=\"elementor-element elementor-element-c2da054 e-con-full e-flex e-con e-parent\" data-id=\"c2da054\" data-element_type=\"container\">\n\t\t<div class=\"elementor-element elementor-element-5e00373 e-con-full e-flex e-con e-child\" data-id=\"5e00373\" data-element_type=\"container\" data-settings=\"{&quot;background_background&quot;:&quot;classic&quot;}\">\n\t\t\t\t<div class=\"elementor-element elementor-element-eadf6ee elementor-widget elementor-widget-spacer\" data-id=\"eadf6ee\" data-element_type=\"widget\" data-widget_type=\"spacer.default\">\n\t\t\t\t\t\t\t<div class=\"elementor-spacer\">\n\t\t\t<div class=\"elementor-spacer-inner\"><\/div>\n\t\t<\/div>\n\t\t\t\t\t\t<\/div>\n\t\t\t\t<\/div>\n\t\t\t\t<\/div>\n\t\t<div class=\"elementor-element elementor-element-ba242da e-flex e-con-boxed e-con e-parent\" data-id=\"ba242da\" data-element_type=\"container\">\n\t\t\t\t\t<div class=\"e-con-inner\">\n\t\t<div class=\"elementor-element elementor-element-aedfe77 e-con-full e-flex e-con e-child\" data-id=\"aedfe77\" data-element_type=\"container\">\n\t\t\t\t<div class=\"elementor-element elementor-element-f0eadfc elementor-invisible elementor-widget elementor-widget-heading\" data-id=\"f0eadfc\" data-element_type=\"widget\" data-settings=\"{&quot;_animation&quot;:&quot;fadeInUp&quot;}\" data-widget_type=\"heading.default\">\n\t\t\t\t\t<h2 class=\"elementor-heading-title elementor-size-default\">Know-how im International Construction Law<\/h2>\t\t\t\t<\/div>\n\t\t\t\t<\/div>\n\t\t<div class=\"elementor-element elementor-element-bd759a0 e-con-full e-flex e-con e-child\" data-id=\"bd759a0\" data-element_type=\"container\">\n\t\t\t\t<div class=\"elementor-element elementor-element-0af20ff elementor-invisible elementor-widget elementor-widget-text-editor\" data-id=\"0af20ff\" data-element_type=\"widget\" data-settings=\"{&quot;_animation&quot;:&quot;fadeInUp&quot;,&quot;_animation_delay&quot;:100}\" data-widget_type=\"text-editor.default\">\n\t\t\t\t\t\t\t\t\t<p>Breyer | Rechtsanw\u00e4lte has been active worldwide for many years and regularly competes with leading international - usually Anglo-Saxon - law firms. In addition to representing clients in arbitration proceedings, the focus is also on advising on major construction projects for both contractors and clients. In addition to Eastern Europe including Russia, the geographical focus is on the USA, South America, China and the Gulf States. However, the African continent, with two current projects in Algeria and Mozambique, is also becoming increasingly important. The namesake's close contacts with leading universities - including the Beijing Law School, Lomonosov University in Moscow and the University of Melbourne - are particularly helpful for topics related to local law. The global network makes it possible to guarantee qualified support from local construction law firms.<\/p>\t\t\t\t\t\t\t\t<\/div>\n\t\t\t\t<div class=\"elementor-element elementor-element-7ab9aa3 elementor-invisible elementor-widget elementor-widget-text-editor\" data-id=\"7ab9aa3\" data-element_type=\"widget\" data-settings=\"{&quot;_animation&quot;:&quot;fadeInUp&quot;,&quot;_animation_delay&quot;:100}\" data-widget_type=\"text-editor.default\">\n\t\t\t\t\t\t\t\t\t<p>In line with international practice, dealing with international standard contracts, e.g. FIDIC, NEC, JCT and PPC 2000, is part of our day-to-day business.<\/p>\t\t\t\t\t\t\t\t<\/div>\n\t\t\t\t<div class=\"elementor-element elementor-element-baa3015 elementor-invisible elementor-widget elementor-widget-text-editor\" data-id=\"baa3015\" data-element_type=\"widget\" data-settings=\"{&quot;_animation&quot;:&quot;fadeInUp&quot;,&quot;_animation_delay&quot;:100}\" data-widget_type=\"text-editor.default\">\n\t\t\t\t\t\t\t\t\t<p>Dr. Breyer ist Initiator des Studiengangs \u201eInternational Construction: Praxis und Recht\u201c an der Universit\u00e4t Stuttgart, der Anglo-German Construction Law Platform (AGCLP) und der International Construction Law Association (ICLA).<\/p>\t\t\t\t\t\t\t\t<\/div>\n\t\t\t\t<\/div>\n\t\t\t\t\t<\/div>\n\t\t\t\t<\/div>\n\t\t\t\t<\/div>","protected":false},"excerpt":{"rendered":"<p>Vertragsgestaltung &#038; Streitschlichtung Home International Vertragsgestaltung &#038; Streitschlichtung Know-how im International Construction Law Breyer | Rechtsanw\u00e4lte ist seit vielen Jahren weltweit t\u00e4tig und konkurriert regelm\u00e4\u00dfig mit international f\u00fchrenden -in der Regel angels\u00e4chsischen- Kanzleien. Auch dort liegt der Fokus neben der Vertretung von Mandanten in Schiedsgerichtsverfahren auf der Betreuung von Gro\u00dfbauvorhaben sowohl f\u00fcr die Auftragnehmer- wie [&hellip;]<\/p>","protected":false},"author":1,"featured_media":0,"parent":5565,"menu_order":0,"comment_status":"closed","ping_status":"closed","template":"","meta":{"_acf_changed":false,"footnotes":""},"class_list":["post-3462","page","type-page","status-publish","hentry"],"acf":[],"_links":{"self":[{"href":"https:\/\/breyer-rechtsanwaelte.de\/en\/wp-json\/wp\/v2\/pages\/3462","targetHints":{"allow":["GET"]}}],"collection":[{"href":"https:\/\/breyer-rechtsanwaelte.de\/en\/wp-json\/wp\/v2\/pages"}],"about":[{"href":"https:\/\/breyer-rechtsanwaelte.de\/en\/wp-json\/wp\/v2\/types\/page"}],"author":[{"embeddable":true,"href":"https:\/\/breyer-rechtsanwaelte.de\/en\/wp-json\/wp\/v2\/users\/1"}],"replies":[{"embeddable":true,"href":"https:\/\/breyer-rechtsanwaelte.de\/en\/wp-json\/wp\/v2\/comments?post=3462"}],"version-history":[{"count":0,"href":"https:\/\/breyer-rechtsanwaelte.de\/en\/wp-json\/wp\/v2\/pages\/3462\/revisions"}],"up":[{"embeddable":true,"href":"https:\/\/breyer-rechtsanwaelte.de\/en\/wp-json\/wp\/v2\/pages\/5565"}],"wp:attachment":[{"href":"https:\/\/breyer-rechtsanwaelte.de\/en\/wp-json\/wp\/v2\/media?parent=3462"}],"curies":[{"name":"wp","href":"https:\/\/api.w.org\/{rel}","templated":true}]}}