{"id":4132,"date":"2024-08-19T11:27:28","date_gmt":"2024-08-19T09:27:28","guid":{"rendered":"https:\/\/breyer-rechtsanwaelte.de\/?page_id=4132"},"modified":"2025-04-28T16:06:08","modified_gmt":"2025-04-28T14:06:08","slug":"berufsbegleitende-promotion","status":"publish","type":"page","link":"https:\/\/breyer-rechtsanwaelte.de\/en\/karriere\/berufsbegleitende-promotion\/","title":{"rendered":"Part-time doctorate"},"content":{"rendered":"<div data-elementor-type=\"wp-page\" data-elementor-id=\"4132\" class=\"elementor elementor-4132\" data-elementor-post-type=\"page\">\n\t\t\t\t<div class=\"elementor-element elementor-element-3c796b1a e-con-full e-flex e-con e-parent\" data-id=\"3c796b1a\" data-element_type=\"container\">\n\t\t\t\t<div class=\"elementor-element elementor-element-854fdba elementor-invisible elementor-widget elementor-widget-heading\" data-id=\"854fdba\" data-element_type=\"widget\" data-settings=\"{&quot;_animation&quot;:&quot;fadeInUp&quot;}\" data-widget_type=\"heading.default\">\n\t\t\t\t\t<h1 class=\"elementor-heading-title elementor-size-default\">Part-time doctorate<\/h1>\t\t\t\t<\/div>\n\t\t\t\t<div class=\"elementor-element elementor-element-685057cd elementor-icon-list--layout-inline elementor-list-item-link-full_width elementor-invisible elementor-widget elementor-widget-icon-list\" data-id=\"685057cd\" data-element_type=\"widget\" data-settings=\"{&quot;_animation&quot;:&quot;fadeInUp&quot;,&quot;_animation_delay&quot;:100}\" data-widget_type=\"icon-list.default\">\n\t\t\t\t\t\t\t<ul class=\"elementor-icon-list-items elementor-inline-items\">\n\t\t\t\t\t\t\t<li class=\"elementor-icon-list-item elementor-inline-item\">\n\t\t\t\t\t\t\t\t\t\t\t<a href=\"https:\/\/breyer-rechtsanwaelte.de\/en\">\n\n\t\t\t\t\t\t\t\t\t\t\t<span class=\"elementor-icon-list-text\">Home<\/span>\n\t\t\t\t\t\t\t\t\t\t\t<\/a>\n\t\t\t\t\t\t\t\t\t<\/li>\n\t\t\t\t\t\t\t\t<li class=\"elementor-icon-list-item elementor-inline-item\">\n\t\t\t\t\t\t\t\t\t\t\t<a href=\"https:\/\/breyer-rechtsanwaelte.de\/en\/karriere\/\">\n\n\t\t\t\t\t\t\t\t\t\t\t\t<span class=\"elementor-icon-list-icon\">\n\t\t\t\t\t\t\t<i aria-hidden=\"true\" class=\"material-icons-sharp md-arrow_forward\" data-md-icon=\"arrow_forward\"><\/i>\t\t\t\t\t\t<\/span>\n\t\t\t\t\t\t\t\t\t\t<span class=\"elementor-icon-list-text\">Career<\/span>\n\t\t\t\t\t\t\t\t\t\t\t<\/a>\n\t\t\t\t\t\t\t\t\t<\/li>\n\t\t\t\t\t\t\t\t<li class=\"elementor-icon-list-item elementor-inline-item\">\n\t\t\t\t\t\t\t\t\t\t\t<span class=\"elementor-icon-list-icon\">\n\t\t\t\t\t\t\t<i aria-hidden=\"true\" class=\"material-icons-sharp md-arrow_forward\" data-md-icon=\"arrow_forward\"><\/i>\t\t\t\t\t\t<\/span>\n\t\t\t\t\t\t\t\t\t\t<span class=\"elementor-icon-list-text\">Part-time doctorate<\/span>\n\t\t\t\t\t\t\t\t\t<\/li>\n\t\t\t\t\t\t<\/ul>\n\t\t\t\t\t\t<\/div>\n\t\t\t\t<\/div>\n\t\t<div class=\"elementor-element elementor-element-7027857 e-con-full e-flex e-con e-parent\" data-id=\"7027857\" data-element_type=\"container\">\n\t\t<div class=\"elementor-element elementor-element-5d76118 e-con-full e-flex e-con e-child\" data-id=\"5d76118\" data-element_type=\"container\" data-settings=\"{&quot;background_background&quot;:&quot;classic&quot;}\">\n\t\t\t\t<div class=\"elementor-element elementor-element-49518cc elementor-widget elementor-widget-spacer\" data-id=\"49518cc\" data-element_type=\"widget\" data-widget_type=\"spacer.default\">\n\t\t\t\t\t\t\t<div class=\"elementor-spacer\">\n\t\t\t<div class=\"elementor-spacer-inner\"><\/div>\n\t\t<\/div>\n\t\t\t\t\t\t<\/div>\n\t\t\t\t<\/div>\n\t\t\t\t<\/div>\n\t\t<div class=\"elementor-element elementor-element-6ec732a2 e-flex e-con-boxed e-con e-parent\" data-id=\"6ec732a2\" data-element_type=\"container\">\n\t\t\t\t\t<div class=\"e-con-inner\">\n\t\t<div class=\"elementor-element elementor-element-1a049bd6 e-con-full e-flex e-con e-child\" data-id=\"1a049bd6\" data-element_type=\"container\">\n\t\t\t\t<div class=\"elementor-element elementor-element-2f518d34 elementor-invisible elementor-widget elementor-widget-heading\" data-id=\"2f518d34\" data-element_type=\"widget\" data-settings=\"{&quot;_animation&quot;:&quot;fadeInUp&quot;}\" data-widget_type=\"heading.default\">\n\t\t\t\t\t<h2 class=\"elementor-heading-title elementor-size-default\">Part-time doctorate<\/h2>\t\t\t\t<\/div>\n\t\t\t\t<\/div>\n\t\t<div class=\"elementor-element elementor-element-0bcc162 e-con-full e-flex e-con e-child\" data-id=\"0bcc162\" data-element_type=\"container\">\n\t\t\t\t<div class=\"elementor-element elementor-element-0400391 elementor-invisible elementor-widget elementor-widget-text-editor\" data-id=\"0400391\" data-element_type=\"widget\" data-settings=\"{&quot;_animation&quot;:&quot;fadeInUp&quot;,&quot;_animation_delay&quot;:100}\" data-widget_type=\"text-editor.default\">\n\t\t\t\t\t\t\t\t\t<p>Do you want to do your doctorate, but would like to start your career while you are doing it? Then we have just the thing for you.<\/p>\t\t\t\t\t\t\t\t<\/div>\n\t\t\t\t<div class=\"elementor-element elementor-element-c7bb3f0 elementor-invisible elementor-widget elementor-widget-text-editor\" data-id=\"c7bb3f0\" data-element_type=\"widget\" data-settings=\"{&quot;_animation&quot;:&quot;fadeInUp&quot;,&quot;_animation_delay&quot;:100}\" data-widget_type=\"text-editor.default\">\n\t\t\t\t\t\t\t\t\t<p>We make it possible for our young lawyers to work with us for a few days a week and do their doctorate at the same time.<\/p>\t\t\t\t\t\t\t\t<\/div>\n\t\t\t\t<div class=\"elementor-element elementor-element-60e11c1 elementor-invisible elementor-widget elementor-widget-text-editor\" data-id=\"60e11c1\" data-element_type=\"widget\" data-settings=\"{&quot;_animation&quot;:&quot;fadeInUp&quot;,&quot;_animation_delay&quot;:100}\" data-widget_type=\"text-editor.default\">\n\t\t\t\t\t\t\t\t\t<p>We would like to support you fully during your doctorate and therefore offer you the opportunity to help you choose your topic and university.<\/p>\t\t\t\t\t\t\t\t<\/div>\n\t\t\t\t<div class=\"elementor-element elementor-element-6229998 elementor-invisible elementor-widget elementor-widget-text-editor\" data-id=\"6229998\" data-element_type=\"widget\" data-settings=\"{&quot;_animation&quot;:&quot;fadeInUp&quot;,&quot;_animation_delay&quot;:100}\" data-widget_type=\"text-editor.default\">\n\t\t\t\t\t\t\t\t\t<p>The number of days you work therefore also depends on the individual agreement.<\/p>\t\t\t\t\t\t\t\t<\/div>\n\t\t\t\t<div class=\"elementor-element elementor-element-7944811 elementor-invisible elementor-widget elementor-widget-button\" data-id=\"7944811\" data-element_type=\"widget\" data-settings=\"{&quot;_animation&quot;:&quot;fadeInUp&quot;,&quot;_animation_delay&quot;:100}\" data-widget_type=\"button.default\">\n\t\t\t\t\t\t\t\t\t\t<a class=\"elementor-button elementor-button-link elementor-size-sm\" href=\"https:\/\/breyer-rechtsanwaelte.de\/en\/karriere\/finanzierter-auslandsaufenthalt-in-den-usa\/\">\n\t\t\t\t\t\t<span class=\"elementor-button-content-wrapper\">\n\t\t\t\t\t\t\t\t\t<span class=\"elementor-button-text\">Read more<\/span>\n\t\t\t\t\t<\/span>\n\t\t\t\t\t<\/a>\n\t\t\t\t\t\t\t\t<\/div>\n\t\t\t\t<\/div>\n\t\t\t\t\t<\/div>\n\t\t\t\t<\/div>\n\t\t<div class=\"elementor-element elementor-element-619e0615 division-query-template e-flex e-con-boxed e-con e-parent\" data-id=\"619e0615\" data-element_type=\"container\">\n\t\t\t\t\t<div class=\"e-con-inner\">\n\t\t\t\t<div class=\"elementor-element elementor-element-4ff9d837 elementor-widget__width-initial elementor-invisible elementor-widget elementor-widget-heading\" data-id=\"4ff9d837\" data-element_type=\"widget\" data-settings=\"{&quot;_animation&quot;:&quot;fadeInUp&quot;,&quot;sticky&quot;:&quot;top&quot;,&quot;sticky_offset&quot;:100,&quot;sticky_parent&quot;:&quot;yes&quot;,&quot;sticky_on&quot;:[&quot;desktop&quot;,&quot;tablet&quot;,&quot;mobile&quot;],&quot;sticky_effects_offset&quot;:0,&quot;sticky_anchor_link_offset&quot;:0}\" data-widget_type=\"heading.default\">\n\t\t\t\t\t<h2 class=\"elementor-heading-title elementor-size-default\">###<\/h2>\t\t\t\t<\/div>\n\t\t<div class=\"elementor-element elementor-element-3b9c554e e-con-full e-flex e-con e-child\" data-id=\"3b9c554e\" data-element_type=\"container\">\n\t\t\t\t<\/div>\n\t\t\t\t\t<\/div>\n\t\t\t\t<\/div>\n\t\t\t\t<\/div>","protected":false},"excerpt":{"rendered":"<p>Berufsbegleitende Promotion Home Karriere Berufsbegleitende Promotion Berufsbegleitende Promotion Sie wollen promovieren, gerne aber w\u00e4hrenddessen schon in den Berufsalltag einsteigen? Dann haben wir genau das Richtige f\u00fcr Sie. Wir erm\u00f6glichen es unseren Junganw\u00e4lten und Junganw\u00e4ltinnen, bei uns bereits einige Tage in der Woche zu arbeiten und zugleich zu promovieren. Wir m\u00f6chten Sie vollumf\u00e4nglich w\u00e4hrend Ihrer Promotion [&hellip;]<\/p>","protected":false},"author":1,"featured_media":0,"parent":5392,"menu_order":0,"comment_status":"closed","ping_status":"closed","template":"","meta":{"_acf_changed":false,"footnotes":""},"class_list":["post-4132","page","type-page","status-publish","hentry"],"acf":[],"_links":{"self":[{"href":"https:\/\/breyer-rechtsanwaelte.de\/en\/wp-json\/wp\/v2\/pages\/4132","targetHints":{"allow":["GET"]}}],"collection":[{"href":"https:\/\/breyer-rechtsanwaelte.de\/en\/wp-json\/wp\/v2\/pages"}],"about":[{"href":"https:\/\/breyer-rechtsanwaelte.de\/en\/wp-json\/wp\/v2\/types\/page"}],"author":[{"embeddable":true,"href":"https:\/\/breyer-rechtsanwaelte.de\/en\/wp-json\/wp\/v2\/users\/1"}],"replies":[{"embeddable":true,"href":"https:\/\/breyer-rechtsanwaelte.de\/en\/wp-json\/wp\/v2\/comments?post=4132"}],"version-history":[{"count":0,"href":"https:\/\/breyer-rechtsanwaelte.de\/en\/wp-json\/wp\/v2\/pages\/4132\/revisions"}],"up":[{"embeddable":true,"href":"https:\/\/breyer-rechtsanwaelte.de\/en\/wp-json\/wp\/v2\/pages\/5392"}],"wp:attachment":[{"href":"https:\/\/breyer-rechtsanwaelte.de\/en\/wp-json\/wp\/v2\/media?parent=4132"}],"curies":[{"name":"wp","href":"https:\/\/api.w.org\/{rel}","templated":true}]}}