{"id":4154,"date":"2024-08-19T11:52:22","date_gmt":"2024-08-19T09:52:22","guid":{"rendered":"https:\/\/breyer-rechtsanwaelte.de\/?page_id=4154"},"modified":"2026-02-11T09:35:01","modified_gmt":"2026-02-11T08:35:01","slug":"fachangestellte","status":"publish","type":"page","link":"https:\/\/breyer-rechtsanwaelte.de\/en\/karriere\/fachangestellte\/","title":{"rendered":"Specialist employee"},"content":{"rendered":"<div data-elementor-type=\"wp-page\" data-elementor-id=\"4154\" class=\"elementor elementor-4154\" data-elementor-post-type=\"page\">\n\t\t\t\t<div class=\"elementor-element elementor-element-48ca6f77 e-con-full e-flex e-con e-parent\" data-id=\"48ca6f77\" data-element_type=\"container\">\n\t\t\t\t<div class=\"elementor-element elementor-element-444057f8 elementor-invisible elementor-widget elementor-widget-heading\" data-id=\"444057f8\" data-element_type=\"widget\" data-settings=\"{&quot;_animation&quot;:&quot;fadeInUp&quot;}\" data-widget_type=\"heading.default\">\n\t\t\t\t\t<h1 class=\"elementor-heading-title elementor-size-default\">Specialist employee<\/h1>\t\t\t\t<\/div>\n\t\t\t\t<div class=\"elementor-element elementor-element-454e3247 elementor-icon-list--layout-inline elementor-list-item-link-full_width elementor-invisible elementor-widget elementor-widget-icon-list\" data-id=\"454e3247\" data-element_type=\"widget\" data-settings=\"{&quot;_animation&quot;:&quot;fadeInUp&quot;,&quot;_animation_delay&quot;:100}\" data-widget_type=\"icon-list.default\">\n\t\t\t\t\t\t\t<ul class=\"elementor-icon-list-items elementor-inline-items\">\n\t\t\t\t\t\t\t<li class=\"elementor-icon-list-item elementor-inline-item\">\n\t\t\t\t\t\t\t\t\t\t\t<a href=\"https:\/\/breyer-rechtsanwaelte.de\/en\">\n\n\t\t\t\t\t\t\t\t\t\t\t<span class=\"elementor-icon-list-text\">Home<\/span>\n\t\t\t\t\t\t\t\t\t\t\t<\/a>\n\t\t\t\t\t\t\t\t\t<\/li>\n\t\t\t\t\t\t\t\t<li class=\"elementor-icon-list-item elementor-inline-item\">\n\t\t\t\t\t\t\t\t\t\t\t<a href=\"https:\/\/breyer-rechtsanwaelte.de\/en\/karriere\/\">\n\n\t\t\t\t\t\t\t\t\t\t\t\t<span class=\"elementor-icon-list-icon\">\n\t\t\t\t\t\t\t<i aria-hidden=\"true\" class=\"material-icons-sharp md-arrow_forward\" data-md-icon=\"arrow_forward\"><\/i>\t\t\t\t\t\t<\/span>\n\t\t\t\t\t\t\t\t\t\t<span class=\"elementor-icon-list-text\">Career<\/span>\n\t\t\t\t\t\t\t\t\t\t\t<\/a>\n\t\t\t\t\t\t\t\t\t<\/li>\n\t\t\t\t\t\t\t\t<li class=\"elementor-icon-list-item elementor-inline-item\">\n\t\t\t\t\t\t\t\t\t\t\t<span class=\"elementor-icon-list-icon\">\n\t\t\t\t\t\t\t<i aria-hidden=\"true\" class=\"material-icons-sharp md-arrow_forward\" data-md-icon=\"arrow_forward\"><\/i>\t\t\t\t\t\t<\/span>\n\t\t\t\t\t\t\t\t\t\t<span class=\"elementor-icon-list-text\">Specialist employee<\/span>\n\t\t\t\t\t\t\t\t\t<\/li>\n\t\t\t\t\t\t<\/ul>\n\t\t\t\t\t\t<\/div>\n\t\t\t\t<\/div>\n\t\t<div class=\"elementor-element elementor-element-5259808 e-con-full e-flex e-con e-parent\" data-id=\"5259808\" data-element_type=\"container\">\n\t\t<div class=\"elementor-element elementor-element-75cbfb5 e-con-full e-flex e-con e-child\" data-id=\"75cbfb5\" data-element_type=\"container\" data-settings=\"{&quot;background_background&quot;:&quot;classic&quot;}\">\n\t\t\t\t<div class=\"elementor-element elementor-element-0e80ae5 elementor-widget elementor-widget-spacer\" data-id=\"0e80ae5\" data-element_type=\"widget\" data-widget_type=\"spacer.default\">\n\t\t\t\t\t\t\t<div class=\"elementor-spacer\">\n\t\t\t<div class=\"elementor-spacer-inner\"><\/div>\n\t\t<\/div>\n\t\t\t\t\t\t<\/div>\n\t\t\t\t<\/div>\n\t\t\t\t<\/div>\n\t\t<div class=\"elementor-element elementor-element-65764d55 e-flex e-con-boxed e-con e-parent\" data-id=\"65764d55\" data-element_type=\"container\">\n\t\t\t\t\t<div class=\"e-con-inner\">\n\t\t<div class=\"elementor-element elementor-element-6281cbdd e-con-full e-flex e-con e-child\" data-id=\"6281cbdd\" data-element_type=\"container\">\n\t\t\t\t<div class=\"elementor-element elementor-element-6315fdae elementor-invisible elementor-widget elementor-widget-heading\" data-id=\"6315fdae\" data-element_type=\"widget\" data-settings=\"{&quot;_animation&quot;:&quot;fadeInUp&quot;}\" data-widget_type=\"heading.default\">\n\t\t\t\t\t<h2 class=\"elementor-heading-title elementor-size-default\">Specialist employee<\/h2>\t\t\t\t<\/div>\n\t\t\t\t<\/div>\n\t\t<div class=\"elementor-element elementor-element-66ee09f e-con-full e-flex e-con e-child\" data-id=\"66ee09f\" data-element_type=\"container\">\n\t\t\t\t<div class=\"elementor-element elementor-element-f073c79 elementor-invisible elementor-widget elementor-widget-text-editor\" data-id=\"f073c79\" data-element_type=\"widget\" data-settings=\"{&quot;_animation&quot;:&quot;fadeInUp&quot;,&quot;_animation_delay&quot;:100}\" data-widget_type=\"text-editor.default\">\n\t\t\t\t\t\t\t\t\t<p>We are a continuously and rapidly growing law firm with around 25 lawyers in Stuttgart, Frankfurt, Munich and Berlin. The industry magazine Juve and, above all, our clients rank us among the leading construction law firms in Germany. With our team, we provide national and international support in particular for major construction projects in the field of private construction and architectural law, public procurement law and real estate law.<\/p>\t\t\t\t\t\t\t\t<\/div>\n\t\t\t\t<div class=\"elementor-element elementor-element-8263fac elementor-invisible elementor-widget elementor-widget-text-editor\" data-id=\"8263fac\" data-element_type=\"widget\" data-settings=\"{&quot;_animation&quot;:&quot;fadeInUp&quot;,&quot;_animation_delay&quot;:100}\" data-widget_type=\"text-editor.default\">\n\t\t\t\t\t\t\t\t\t<p>Sie haben Ihre Ausbildung als Rechtsanwaltsfachangestellter (m\/w\/d) oder Rechtsfachwirt (m\/w\/d) erfolgreich abgeschlossen und verf\u00fcgen \u00fcber g\u00e4ngige EDV-Kenntnisse (Office-Paket, ggf. LEXolution)? Sie haben Freude bei der Unterst\u00fctzung unserer Mandanten, bringen Teamf\u00e4higkeit und Leistungsbereitschaft mit? Zuverl\u00e4ssigkeit, Humor und eine gewisse Offenheit z\u00e4hlen ebenfalls zu Ihren St\u00e4rken? Dann sind Sie genau richtig bei uns im Team. Wir freuen uns \u00fcber eine langfristige Zusammenarbeit bei abwechslungsreichen T\u00e4tigkeiten und flexibler, eigenverantwortlicher Arbeitsgestaltung. Eine leistungsgerechte Verg\u00fctung ist dabei selbstverst\u00e4ndlich. Werden Sie Teil unseres Teams!<\/p>\t\t\t\t\t\t\t\t<\/div>\n\t\t\t\t<div class=\"elementor-element elementor-element-1678130 elementor-invisible elementor-widget elementor-widget-text-editor\" data-id=\"1678130\" data-element_type=\"widget\" data-settings=\"{&quot;_animation&quot;:&quot;fadeInUp&quot;,&quot;_animation_delay&quot;:100}\" data-widget_type=\"text-editor.default\">\n\t\t\t\t\t\t\t\t\t<p>We are always pleased to receive special applications from qualified paralegals (m\/f\/d) and legal specialists (m\/f\/d).<\/p>\t\t\t\t\t\t\t\t<\/div>\n\t\t\t\t<\/div>\n\t\t\t\t\t<\/div>\n\t\t\t\t<\/div>\n\t\t<div class=\"elementor-element elementor-element-25bd4ffb e-flex e-con-boxed e-con e-parent\" data-id=\"25bd4ffb\" data-element_type=\"container\">\n\t\t\t\t\t<div class=\"e-con-inner\">\n\t\t\t\t<div class=\"elementor-element elementor-element-2509d3d4 elementor-widget-divider--view-line elementor-widget elementor-widget-divider\" data-id=\"2509d3d4\" data-element_type=\"widget\" data-widget_type=\"divider.default\">\n\t\t\t\t\t\t\t<div class=\"elementor-divider\">\n\t\t\t<span class=\"elementor-divider-separator\">\n\t\t\t\t\t\t<\/span>\n\t\t<\/div>\n\t\t\t\t\t\t<\/div>\n\t\t\t\t\t<\/div>\n\t\t\t\t<\/div>\n\t\t<div class=\"elementor-element elementor-element-7ca6b324 division-query-template e-flex e-con-boxed e-con e-parent\" data-id=\"7ca6b324\" data-element_type=\"container\">\n\t\t\t\t\t<div class=\"e-con-inner\">\n\t\t\t\t<div class=\"elementor-element elementor-element-297e14ac elementor-widget__width-initial elementor-invisible elementor-widget elementor-widget-heading\" data-id=\"297e14ac\" data-element_type=\"widget\" data-settings=\"{&quot;_animation&quot;:&quot;fadeInUp&quot;,&quot;sticky&quot;:&quot;top&quot;,&quot;sticky_offset&quot;:100,&quot;sticky_parent&quot;:&quot;yes&quot;,&quot;sticky_on&quot;:[&quot;desktop&quot;,&quot;tablet&quot;,&quot;mobile&quot;],&quot;sticky_effects_offset&quot;:0,&quot;sticky_anchor_link_offset&quot;:0}\" data-widget_type=\"heading.default\">\n\t\t\t\t\t<h2 class=\"elementor-heading-title elementor-size-default\">###<\/h2>\t\t\t\t<\/div>\n\t\t<div class=\"elementor-element elementor-element-4db4a4ca e-con-full e-flex e-con e-child\" data-id=\"4db4a4ca\" data-element_type=\"container\">\n\t\t\t\t<\/div>\n\t\t\t\t\t<\/div>\n\t\t\t\t<\/div>\n\t\t<div class=\"elementor-element elementor-element-609e2e2 e-flex e-con-boxed e-con e-parent\" data-id=\"609e2e2\" data-element_type=\"container\">\n\t\t\t\t\t<div class=\"e-con-inner\">\n\t\t\t\t<div class=\"elementor-element elementor-element-77fbcb6 elementor-invisible elementor-widget elementor-widget-image\" data-id=\"77fbcb6\" data-element_type=\"widget\" data-settings=\"{&quot;_animation&quot;:&quot;fadeInUp&quot;}\" data-widget_type=\"image.default\">\n\t\t\t\t\t\t\t\t\t\t\t\t\t\t\t<img decoding=\"async\" width=\"152\" height=\"152\" src=\"https:\/\/breyer-rechtsanwaelte.de\/wp-content\/uploads\/2024\/08\/Breyer-Rechtsanwaelte-Piktogram.svg\" class=\"attachment-full size-full wp-image-4877\" alt=\"\" \/>\t\t\t\t\t\t\t\t\t\t\t\t\t\t\t<\/div>\n\t\t\t\t<div class=\"elementor-element elementor-element-c028cda elementor-invisible elementor-widget elementor-widget-heading\" data-id=\"c028cda\" data-element_type=\"widget\" data-settings=\"{&quot;_animation&quot;:&quot;fadeInUp&quot;,&quot;_animation_delay&quot;:100}\" data-widget_type=\"heading.default\">\n\t\t\t\t\t<h2 class=\"elementor-heading-title elementor-size-default\">Current jobs<\/h2>\t\t\t\t<\/div>\n\t\t\t\t<div class=\"elementor-element elementor-element-8eb84e7 elementor-grid-1 elementor-grid-tablet-2 elementor-grid-mobile-1 elementor-widget elementor-widget-loop-grid\" data-id=\"8eb84e7\" data-element_type=\"widget\" data-settings=\"{&quot;template_id&quot;:&quot;4017&quot;,&quot;row_gap&quot;:{&quot;unit&quot;:&quot;px&quot;,&quot;size&quot;:10,&quot;sizes&quot;:[]},&quot;columns&quot;:1,&quot;_skin&quot;:&quot;post&quot;,&quot;columns_tablet&quot;:&quot;2&quot;,&quot;columns_mobile&quot;:&quot;1&quot;,&quot;edit_handle_selector&quot;:&quot;[data-elementor-type=\\&quot;loop-item\\&quot;]&quot;,&quot;row_gap_tablet&quot;:{&quot;unit&quot;:&quot;px&quot;,&quot;size&quot;:&quot;&quot;,&quot;sizes&quot;:[]},&quot;row_gap_mobile&quot;:{&quot;unit&quot;:&quot;px&quot;,&quot;size&quot;:&quot;&quot;,&quot;sizes&quot;:[]}}\" data-widget_type=\"loop-grid.post\">\n\t\t\t\t<div class=\"elementor-widget-container\">\n\t\t\t\t\t\t\t<div class=\"elementor-loop-container elementor-grid\" role=\"list\">\n\t\t<style id=\"loop-4017\">.elementor-4017 .elementor-element.elementor-element-61988a3c{--display:flex;--align-items:flex-start;--container-widget-width:calc( ( 1 - var( --container-widget-flex-grow ) ) * 100% );--gap:20px 20px;--row-gap:20px;--column-gap:20px;--margin-top:0px;--margin-bottom:0px;--margin-left:0px;--margin-right:0px;--padding-top:20px;--padding-bottom:20px;--padding-left:20px;--padding-right:20px;}.elementor-4017 .elementor-element.elementor-element-61988a3c:not(.elementor-motion-effects-element-type-background), .elementor-4017 .elementor-element.elementor-element-61988a3c > .elementor-motion-effects-container > .elementor-motion-effects-layer{background-color:var( --e-global-color-accent );}.elementor-4017 .elementor-element.elementor-element-178f37c{font-family:var( --e-global-typography-2f46770-font-family ), Sans-serif;font-size:var( --e-global-typography-2f46770-font-size );font-weight:var( --e-global-typography-2f46770-font-weight );text-transform:var( --e-global-typography-2f46770-text-transform );font-style:var( --e-global-typography-2f46770-font-style );text-decoration:var( --e-global-typography-2f46770-text-decoration );line-height:var( --e-global-typography-2f46770-line-height );letter-spacing:var( --e-global-typography-2f46770-letter-spacing );}.elementor-4017 .elementor-element.elementor-element-2cd8eb27{margin:-20px 0px calc(var(--kit-widget-spacing, 0px) + 0px) 0px;}.elementor-4017 .elementor-element.elementor-element-2cd8eb27 .elementor-heading-title{font-family:var( --e-global-typography-e61947c-font-family ), Sans-serif;font-size:var( --e-global-typography-e61947c-font-size );font-weight:var( --e-global-typography-e61947c-font-weight );text-transform:var( --e-global-typography-e61947c-text-transform );font-style:var( --e-global-typography-e61947c-font-style );text-decoration:var( --e-global-typography-e61947c-text-decoration );line-height:var( --e-global-typography-e61947c-line-height );letter-spacing:var( --e-global-typography-e61947c-letter-spacing );}.elementor-4017 .elementor-element.elementor-element-90a7ca2 .elementor-button{background-color:var( --e-global-color-primary );fill:var( --e-global-color-accent );color:var( --e-global-color-accent );border-style:solid;border-width:1px 1px 1px 1px;border-color:var( --e-global-color-primary );}.elementor-4017 .elementor-element.elementor-element-90a7ca2 .elementor-button:hover, .elementor-4017 .elementor-element.elementor-element-90a7ca2 .elementor-button:focus{background-color:var( --e-global-color-secondary );color:var( --e-global-color-primary );border-color:var( --e-global-color-primary );}.elementor-4017 .elementor-element.elementor-element-90a7ca2:hover{--e-transform-translateY:-10px;}.elementor-4017 .elementor-element.elementor-element-90a7ca2 .elementor-button:hover svg, .elementor-4017 .elementor-element.elementor-element-90a7ca2 .elementor-button:focus svg{fill:var( --e-global-color-primary );}@media(max-width:1379px){.elementor-4017 .elementor-element.elementor-element-178f37c{font-size:var( --e-global-typography-2f46770-font-size );line-height:var( --e-global-typography-2f46770-line-height );letter-spacing:var( --e-global-typography-2f46770-letter-spacing );}.elementor-4017 .elementor-element.elementor-element-2cd8eb27 .elementor-heading-title{font-size:var( --e-global-typography-e61947c-font-size );line-height:var( --e-global-typography-e61947c-line-height );letter-spacing:var( --e-global-typography-e61947c-letter-spacing );}}@media(max-width:767px){.elementor-4017 .elementor-element.elementor-element-178f37c{font-size:var( --e-global-typography-2f46770-font-size );line-height:var( --e-global-typography-2f46770-line-height );letter-spacing:var( --e-global-typography-2f46770-letter-spacing );}.elementor-4017 .elementor-element.elementor-element-2cd8eb27 .elementor-heading-title{font-size:var( --e-global-typography-e61947c-font-size );line-height:var( --e-global-typography-e61947c-line-height );letter-spacing:var( --e-global-typography-e61947c-letter-spacing );}}<\/style>\t\t<div data-elementor-type=\"loop-item\" data-elementor-id=\"4017\" class=\"elementor elementor-4017 e-loop-item e-loop-item-4152 post-4152 stellenangebot type-stellenangebot status-publish hentry berufsgruppe-fachangestellte standort-stuttgart\" data-elementor-post-type=\"elementor_library\" data-custom-edit-handle=\"1\">\n\t\t\t<div class=\"elementor-element elementor-element-61988a3c e-con-full e-flex elementor-invisible e-con e-parent\" data-id=\"61988a3c\" data-element_type=\"container\" data-settings=\"{&quot;animation&quot;:&quot;fadeInUp&quot;,&quot;background_background&quot;:&quot;classic&quot;}\">\n\t\t\t\t<div class=\"elementor-element elementor-element-178f37c elementor-widget elementor-widget-text-editor\" data-id=\"178f37c\" data-element_type=\"widget\" data-widget_type=\"text-editor.default\">\n\t\t\t\t\t\t\t\t\t<span>Stuttgart<\/span>\t\t\t\t\t\t\t\t<\/div>\n\t\t\t\t<div class=\"elementor-element elementor-element-2cd8eb27 elementor-widget elementor-widget-heading\" data-id=\"2cd8eb27\" data-element_type=\"widget\" data-settings=\"{&quot;_animation&quot;:&quot;none&quot;,&quot;_animation_delay&quot;:200}\" data-widget_type=\"heading.default\">\n\t\t\t\t\t<h2 class=\"elementor-heading-title elementor-size-default\">Legal assistant (m\/f\/d) or legal specialist (m\/f\/d)<\/h2>\t\t\t\t<\/div>\n\t\t\t\t<div class=\"elementor-element elementor-element-90a7ca2 e-transform elementor-widget elementor-widget-button\" data-id=\"90a7ca2\" data-element_type=\"widget\" data-settings=\"{&quot;_transform_translateY_effect_hover&quot;:{&quot;unit&quot;:&quot;px&quot;,&quot;size&quot;:-10,&quot;sizes&quot;:[]},&quot;_transform_translateX_effect_hover&quot;:{&quot;unit&quot;:&quot;px&quot;,&quot;size&quot;:&quot;&quot;,&quot;sizes&quot;:[]},&quot;_transform_translateX_effect_hover_tablet&quot;:{&quot;unit&quot;:&quot;px&quot;,&quot;size&quot;:&quot;&quot;,&quot;sizes&quot;:[]},&quot;_transform_translateX_effect_hover_mobile&quot;:{&quot;unit&quot;:&quot;px&quot;,&quot;size&quot;:&quot;&quot;,&quot;sizes&quot;:[]},&quot;_transform_translateY_effect_hover_tablet&quot;:{&quot;unit&quot;:&quot;px&quot;,&quot;size&quot;:&quot;&quot;,&quot;sizes&quot;:[]},&quot;_transform_translateY_effect_hover_mobile&quot;:{&quot;unit&quot;:&quot;px&quot;,&quot;size&quot;:&quot;&quot;,&quot;sizes&quot;:[]}}\" data-widget_type=\"button.default\">\n\t\t\t\t\t\t\t\t\t\t<a class=\"elementor-button elementor-button-link elementor-size-sm\" href=\"https:\/\/breyer-rechtsanwaelte.de\/en\/stellenangebot\/rechtsanwaltsfachangestellter-m-w-d-oder-rechtsfachwirt-m-w-d\/\">\n\t\t\t\t\t\t<span class=\"elementor-button-content-wrapper\">\n\t\t\t\t\t\t\t\t\t<span class=\"elementor-button-text\">Read more<\/span>\n\t\t\t\t\t<\/span>\n\t\t\t\t\t<\/a>\n\t\t\t\t\t\t\t\t<\/div>\n\t\t\t\t<\/div>\n\t\t\t\t<\/div>\n\t\t\t\t<div data-elementor-type=\"loop-item\" data-elementor-id=\"4017\" class=\"elementor elementor-4017 e-loop-item e-loop-item-4153 post-4153 stellenangebot type-stellenangebot status-publish hentry berufsgruppe-fachangestellte standort-stuttgart\" data-elementor-post-type=\"elementor_library\" data-custom-edit-handle=\"1\">\n\t\t\t<div class=\"elementor-element elementor-element-61988a3c e-con-full e-flex elementor-invisible e-con e-parent\" data-id=\"61988a3c\" data-element_type=\"container\" data-settings=\"{&quot;animation&quot;:&quot;fadeInUp&quot;,&quot;background_background&quot;:&quot;classic&quot;}\">\n\t\t\t\t<div class=\"elementor-element elementor-element-178f37c elementor-widget elementor-widget-text-editor\" data-id=\"178f37c\" data-element_type=\"widget\" data-widget_type=\"text-editor.default\">\n\t\t\t\t\t\t\t\t\t<span>Stuttgart<\/span>\t\t\t\t\t\t\t\t<\/div>\n\t\t\t\t<div class=\"elementor-element elementor-element-2cd8eb27 elementor-widget elementor-widget-heading\" data-id=\"2cd8eb27\" data-element_type=\"widget\" data-settings=\"{&quot;_animation&quot;:&quot;none&quot;,&quot;_animation_delay&quot;:200}\" data-widget_type=\"heading.default\">\n\t\t\t\t\t<h2 class=\"elementor-heading-title elementor-size-default\">Legal assistant (m\/f\/d) or legal specialist (m\/f\/d) with additional assistant activities<\/h2>\t\t\t\t<\/div>\n\t\t\t\t<div class=\"elementor-element elementor-element-90a7ca2 e-transform elementor-widget elementor-widget-button\" data-id=\"90a7ca2\" data-element_type=\"widget\" data-settings=\"{&quot;_transform_translateY_effect_hover&quot;:{&quot;unit&quot;:&quot;px&quot;,&quot;size&quot;:-10,&quot;sizes&quot;:[]},&quot;_transform_translateX_effect_hover&quot;:{&quot;unit&quot;:&quot;px&quot;,&quot;size&quot;:&quot;&quot;,&quot;sizes&quot;:[]},&quot;_transform_translateX_effect_hover_tablet&quot;:{&quot;unit&quot;:&quot;px&quot;,&quot;size&quot;:&quot;&quot;,&quot;sizes&quot;:[]},&quot;_transform_translateX_effect_hover_mobile&quot;:{&quot;unit&quot;:&quot;px&quot;,&quot;size&quot;:&quot;&quot;,&quot;sizes&quot;:[]},&quot;_transform_translateY_effect_hover_tablet&quot;:{&quot;unit&quot;:&quot;px&quot;,&quot;size&quot;:&quot;&quot;,&quot;sizes&quot;:[]},&quot;_transform_translateY_effect_hover_mobile&quot;:{&quot;unit&quot;:&quot;px&quot;,&quot;size&quot;:&quot;&quot;,&quot;sizes&quot;:[]}}\" data-widget_type=\"button.default\">\n\t\t\t\t\t\t\t\t\t\t<a class=\"elementor-button elementor-button-link elementor-size-sm\" href=\"https:\/\/breyer-rechtsanwaelte.de\/en\/stellenangebot\/rechtsanwaltsfachangestellter-m-w-d-oder-rechtsfachwirt-m-w-d-mit-zusaetzlicher-assistenztaetigkeit\/\">\n\t\t\t\t\t\t<span class=\"elementor-button-content-wrapper\">\n\t\t\t\t\t\t\t\t\t<span class=\"elementor-button-text\">Read more<\/span>\n\t\t\t\t\t<\/span>\n\t\t\t\t\t<\/a>\n\t\t\t\t\t\t\t\t<\/div>\n\t\t\t\t<\/div>\n\t\t\t\t<\/div>\n\t\t\t\t<div data-elementor-type=\"loop-item\" data-elementor-id=\"4017\" class=\"elementor elementor-4017 e-loop-item e-loop-item-7407 post-7407 stellenangebot type-stellenangebot status-publish hentry berufsgruppe-fachangestellte standort-muenchen\" data-elementor-post-type=\"elementor_library\" data-custom-edit-handle=\"1\">\n\t\t\t<div class=\"elementor-element elementor-element-61988a3c e-con-full e-flex elementor-invisible e-con e-parent\" data-id=\"61988a3c\" data-element_type=\"container\" data-settings=\"{&quot;animation&quot;:&quot;fadeInUp&quot;,&quot;background_background&quot;:&quot;classic&quot;}\">\n\t\t\t\t<div class=\"elementor-element elementor-element-178f37c elementor-widget elementor-widget-text-editor\" data-id=\"178f37c\" data-element_type=\"widget\" data-widget_type=\"text-editor.default\">\n\t\t\t\t\t\t\t\t\t<span>Munich<\/span>\t\t\t\t\t\t\t\t<\/div>\n\t\t\t\t<div class=\"elementor-element elementor-element-2cd8eb27 elementor-widget elementor-widget-heading\" data-id=\"2cd8eb27\" data-element_type=\"widget\" data-settings=\"{&quot;_animation&quot;:&quot;none&quot;,&quot;_animation_delay&quot;:200}\" data-widget_type=\"heading.default\">\n\t\t\t\t\t<h2 class=\"elementor-heading-title elementor-size-default\">Legal assistant (m\/f\/d) or legal specialist (m\/f\/d)<\/h2>\t\t\t\t<\/div>\n\t\t\t\t<div class=\"elementor-element elementor-element-90a7ca2 e-transform elementor-widget elementor-widget-button\" data-id=\"90a7ca2\" data-element_type=\"widget\" data-settings=\"{&quot;_transform_translateY_effect_hover&quot;:{&quot;unit&quot;:&quot;px&quot;,&quot;size&quot;:-10,&quot;sizes&quot;:[]},&quot;_transform_translateX_effect_hover&quot;:{&quot;unit&quot;:&quot;px&quot;,&quot;size&quot;:&quot;&quot;,&quot;sizes&quot;:[]},&quot;_transform_translateX_effect_hover_tablet&quot;:{&quot;unit&quot;:&quot;px&quot;,&quot;size&quot;:&quot;&quot;,&quot;sizes&quot;:[]},&quot;_transform_translateX_effect_hover_mobile&quot;:{&quot;unit&quot;:&quot;px&quot;,&quot;size&quot;:&quot;&quot;,&quot;sizes&quot;:[]},&quot;_transform_translateY_effect_hover_tablet&quot;:{&quot;unit&quot;:&quot;px&quot;,&quot;size&quot;:&quot;&quot;,&quot;sizes&quot;:[]},&quot;_transform_translateY_effect_hover_mobile&quot;:{&quot;unit&quot;:&quot;px&quot;,&quot;size&quot;:&quot;&quot;,&quot;sizes&quot;:[]}}\" data-widget_type=\"button.default\">\n\t\t\t\t\t\t\t\t\t\t<a class=\"elementor-button elementor-button-link elementor-size-sm\" href=\"https:\/\/breyer-rechtsanwaelte.de\/en\/stellenangebot\/rechtsanwaltsfachangestellter-m-w-d-oder-rechtsfachwirt-m-w-d-2\/\">\n\t\t\t\t\t\t<span class=\"elementor-button-content-wrapper\">\n\t\t\t\t\t\t\t\t\t<span class=\"elementor-button-text\">Read more<\/span>\n\t\t\t\t\t<\/span>\n\t\t\t\t\t<\/a>\n\t\t\t\t\t\t\t\t<\/div>\n\t\t\t\t<\/div>\n\t\t\t\t<\/div>\n\t\t\t\t<\/div>\n\t\t\n\t\t\t\t\t\t<\/div>\n\t\t\t\t<\/div>\n\t\t\t\t\t<\/div>\n\t\t\t\t<\/div>\n\t\t\t\t<\/div>","protected":false},"excerpt":{"rendered":"<p>Fachangestellte Home Karriere Fachangestellte Fachangestellte Wir sind eine kontinuierlich und rasch wachsende Kanzlei mit etwa 25 Anw\u00e4lten an den Standorten Stuttgart, Frankfurt, M\u00fcnchen und Berlin. Unter anderem das Branchenmagazin Juve, aber vor allem unsere Mandanten z\u00e4hlen uns zu den f\u00fchrenden Baurechtskanzleien in Deutschland. Mit unserem Team begleiten wir national und international insbesondere Gro\u00dfbauvorhaben auf dem [&hellip;]<\/p>","protected":false},"author":1,"featured_media":0,"parent":5392,"menu_order":0,"comment_status":"closed","ping_status":"closed","template":"","meta":{"_acf_changed":false,"footnotes":""},"class_list":["post-4154","page","type-page","status-publish","hentry"],"acf":[],"_links":{"self":[{"href":"https:\/\/breyer-rechtsanwaelte.de\/en\/wp-json\/wp\/v2\/pages\/4154","targetHints":{"allow":["GET"]}}],"collection":[{"href":"https:\/\/breyer-rechtsanwaelte.de\/en\/wp-json\/wp\/v2\/pages"}],"about":[{"href":"https:\/\/breyer-rechtsanwaelte.de\/en\/wp-json\/wp\/v2\/types\/page"}],"author":[{"embeddable":true,"href":"https:\/\/breyer-rechtsanwaelte.de\/en\/wp-json\/wp\/v2\/users\/1"}],"replies":[{"embeddable":true,"href":"https:\/\/breyer-rechtsanwaelte.de\/en\/wp-json\/wp\/v2\/comments?post=4154"}],"version-history":[{"count":3,"href":"https:\/\/breyer-rechtsanwaelte.de\/en\/wp-json\/wp\/v2\/pages\/4154\/revisions"}],"predecessor-version":[{"id":19515,"href":"https:\/\/breyer-rechtsanwaelte.de\/en\/wp-json\/wp\/v2\/pages\/4154\/revisions\/19515"}],"up":[{"embeddable":true,"href":"https:\/\/breyer-rechtsanwaelte.de\/en\/wp-json\/wp\/v2\/pages\/5392"}],"wp:attachment":[{"href":"https:\/\/breyer-rechtsanwaelte.de\/en\/wp-json\/wp\/v2\/media?parent=4154"}],"curies":[{"name":"wp","href":"https:\/\/api.w.org\/{rel}","templated":true}]}}