{"id":4170,"date":"2024-08-19T11:59:22","date_gmt":"2024-08-19T09:59:22","guid":{"rendered":"https:\/\/breyer-rechtsanwaelte.de\/?page_id=4170"},"modified":"2024-09-18T15:39:35","modified_gmt":"2024-09-18T13:39:35","slug":"ausbildungsstellen","status":"publish","type":"page","link":"https:\/\/breyer-rechtsanwaelte.de\/en\/karriere\/ausbildungsstellen\/","title":{"rendered":"Apprenticeships"},"content":{"rendered":"<div data-elementor-type=\"wp-page\" data-elementor-id=\"4170\" class=\"elementor elementor-4170\" data-elementor-post-type=\"page\">\n\t\t\t\t<div class=\"elementor-element elementor-element-1c3568f9 e-con-full e-flex e-con e-parent\" data-id=\"1c3568f9\" data-element_type=\"container\">\n\t\t\t\t<div class=\"elementor-element elementor-element-9cb0b8e elementor-invisible elementor-widget elementor-widget-heading\" data-id=\"9cb0b8e\" data-element_type=\"widget\" data-settings=\"{&quot;_animation&quot;:&quot;fadeInUp&quot;}\" data-widget_type=\"heading.default\">\n\t\t\t\t\t<h1 class=\"elementor-heading-title elementor-size-default\">Apprenticeships<\/h1>\t\t\t\t<\/div>\n\t\t\t\t<div class=\"elementor-element elementor-element-458d865e elementor-icon-list--layout-inline elementor-list-item-link-full_width elementor-invisible elementor-widget elementor-widget-icon-list\" data-id=\"458d865e\" data-element_type=\"widget\" data-settings=\"{&quot;_animation&quot;:&quot;fadeInUp&quot;,&quot;_animation_delay&quot;:100}\" data-widget_type=\"icon-list.default\">\n\t\t\t\t\t\t\t<ul class=\"elementor-icon-list-items elementor-inline-items\">\n\t\t\t\t\t\t\t<li class=\"elementor-icon-list-item elementor-inline-item\">\n\t\t\t\t\t\t\t\t\t\t\t<a href=\"https:\/\/breyer-rechtsanwaelte.de\/en\">\n\n\t\t\t\t\t\t\t\t\t\t\t<span class=\"elementor-icon-list-text\">Home<\/span>\n\t\t\t\t\t\t\t\t\t\t\t<\/a>\n\t\t\t\t\t\t\t\t\t<\/li>\n\t\t\t\t\t\t\t\t<li class=\"elementor-icon-list-item elementor-inline-item\">\n\t\t\t\t\t\t\t\t\t\t\t<a href=\"https:\/\/breyer-rechtsanwaelte.de\/en\/karriere\/\">\n\n\t\t\t\t\t\t\t\t\t\t\t\t<span class=\"elementor-icon-list-icon\">\n\t\t\t\t\t\t\t<i aria-hidden=\"true\" class=\"material-icons-sharp md-arrow_forward\" data-md-icon=\"arrow_forward\"><\/i>\t\t\t\t\t\t<\/span>\n\t\t\t\t\t\t\t\t\t\t<span class=\"elementor-icon-list-text\">Career<\/span>\n\t\t\t\t\t\t\t\t\t\t\t<\/a>\n\t\t\t\t\t\t\t\t\t<\/li>\n\t\t\t\t\t\t\t\t<li class=\"elementor-icon-list-item elementor-inline-item\">\n\t\t\t\t\t\t\t\t\t\t\t<span class=\"elementor-icon-list-icon\">\n\t\t\t\t\t\t\t<i aria-hidden=\"true\" class=\"material-icons-sharp md-arrow_forward\" data-md-icon=\"arrow_forward\"><\/i>\t\t\t\t\t\t<\/span>\n\t\t\t\t\t\t\t\t\t\t<span class=\"elementor-icon-list-text\">Apprenticeships<\/span>\n\t\t\t\t\t\t\t\t\t<\/li>\n\t\t\t\t\t\t<\/ul>\n\t\t\t\t\t\t<\/div>\n\t\t\t\t<\/div>\n\t\t<div class=\"elementor-element elementor-element-5f7021e e-con-full e-flex e-con e-parent\" data-id=\"5f7021e\" data-element_type=\"container\">\n\t\t<div class=\"elementor-element elementor-element-084299b e-con-full e-flex e-con e-child\" data-id=\"084299b\" data-element_type=\"container\" data-settings=\"{&quot;background_background&quot;:&quot;classic&quot;}\">\n\t\t\t\t<div class=\"elementor-element elementor-element-8c71afb elementor-widget elementor-widget-spacer\" data-id=\"8c71afb\" data-element_type=\"widget\" data-widget_type=\"spacer.default\">\n\t\t\t\t\t\t\t<div class=\"elementor-spacer\">\n\t\t\t<div class=\"elementor-spacer-inner\"><\/div>\n\t\t<\/div>\n\t\t\t\t\t\t<\/div>\n\t\t\t\t<\/div>\n\t\t\t\t<\/div>\n\t\t<div class=\"elementor-element elementor-element-5662c1b e-flex e-con-boxed e-con e-parent\" data-id=\"5662c1b\" data-element_type=\"container\">\n\t\t\t\t\t<div class=\"e-con-inner\">\n\t\t<div class=\"elementor-element elementor-element-3488258e e-con-full e-flex e-con e-child\" data-id=\"3488258e\" data-element_type=\"container\">\n\t\t\t\t<div class=\"elementor-element elementor-element-1a5d9fb elementor-invisible elementor-widget elementor-widget-heading\" data-id=\"1a5d9fb\" data-element_type=\"widget\" data-settings=\"{&quot;_animation&quot;:&quot;fadeInUp&quot;}\" data-widget_type=\"heading.default\">\n\t\t\t\t\t<h2 class=\"elementor-heading-title elementor-size-default\">Apprenticeships<\/h2>\t\t\t\t<\/div>\n\t\t\t\t<\/div>\n\t\t<div class=\"elementor-element elementor-element-41de0908 e-con-full e-flex e-con e-child\" data-id=\"41de0908\" data-element_type=\"container\">\n\t\t\t\t<div class=\"elementor-element elementor-element-26d75ff elementor-invisible elementor-widget elementor-widget-text-editor\" data-id=\"26d75ff\" data-element_type=\"widget\" data-settings=\"{&quot;_animation&quot;:&quot;fadeInUp&quot;,&quot;_animation_delay&quot;:100}\" data-widget_type=\"text-editor.default\">\n\t\t\t\t\t\t\t\t\t<p>Training as a paralegal offers a sound professional qualification in the legal field. Trainees learn to support lawyers in organizational and administrative tasks by keeping files, monitoring deadlines, preparing documents and maintaining contact with clients.<\/p>\t\t\t\t\t\t\t\t<\/div>\n\t\t\t\t<\/div>\n\t\t\t\t\t<\/div>\n\t\t\t\t<\/div>\n\t\t<div class=\"elementor-element elementor-element-68aabe42 e-flex e-con-boxed e-con e-parent\" data-id=\"68aabe42\" data-element_type=\"container\">\n\t\t\t\t\t<div class=\"e-con-inner\">\n\t\t\t\t<div class=\"elementor-element elementor-element-43560bf elementor-widget-divider--view-line elementor-widget elementor-widget-divider\" data-id=\"43560bf\" data-element_type=\"widget\" data-widget_type=\"divider.default\">\n\t\t\t\t\t\t\t<div class=\"elementor-divider\">\n\t\t\t<span class=\"elementor-divider-separator\">\n\t\t\t\t\t\t<\/span>\n\t\t<\/div>\n\t\t\t\t\t\t<\/div>\n\t\t\t\t\t<\/div>\n\t\t\t\t<\/div>\n\t\t<div class=\"elementor-element elementor-element-4615537e division-query-template e-flex e-con-boxed e-con e-parent\" data-id=\"4615537e\" data-element_type=\"container\">\n\t\t\t\t\t<div class=\"e-con-inner\">\n\t\t\t\t<div class=\"elementor-element elementor-element-1a497375 elementor-widget__width-initial elementor-invisible elementor-widget elementor-widget-heading\" data-id=\"1a497375\" data-element_type=\"widget\" data-settings=\"{&quot;_animation&quot;:&quot;fadeInUp&quot;,&quot;sticky&quot;:&quot;top&quot;,&quot;sticky_offset&quot;:100,&quot;sticky_parent&quot;:&quot;yes&quot;,&quot;sticky_on&quot;:[&quot;desktop&quot;,&quot;tablet&quot;,&quot;mobile&quot;],&quot;sticky_effects_offset&quot;:0,&quot;sticky_anchor_link_offset&quot;:0}\" data-widget_type=\"heading.default\">\n\t\t\t\t\t<h2 class=\"elementor-heading-title elementor-size-default\">###<\/h2>\t\t\t\t<\/div>\n\t\t<div class=\"elementor-element elementor-element-28deb85 e-con-full e-flex e-con e-child\" data-id=\"28deb85\" data-element_type=\"container\">\n\t\t\t\t<\/div>\n\t\t\t\t\t<\/div>\n\t\t\t\t<\/div>\n\t\t<div class=\"elementor-element elementor-element-5faa7637 e-flex e-con-boxed e-con e-parent\" data-id=\"5faa7637\" data-element_type=\"container\">\n\t\t\t\t\t<div class=\"e-con-inner\">\n\t\t\t\t<div class=\"elementor-element elementor-element-65093d89 elementor-invisible elementor-widget elementor-widget-image\" data-id=\"65093d89\" data-element_type=\"widget\" data-settings=\"{&quot;_animation&quot;:&quot;fadeInUp&quot;}\" data-widget_type=\"image.default\">\n\t\t\t\t\t\t\t\t\t\t\t\t\t\t\t<img decoding=\"async\" width=\"152\" height=\"152\" src=\"https:\/\/breyer-rechtsanwaelte.de\/wp-content\/uploads\/2024\/08\/Breyer-Rechtsanwaelte-Piktogram.svg\" class=\"attachment-full size-full wp-image-4877\" alt=\"\" \/>\t\t\t\t\t\t\t\t\t\t\t\t\t\t\t<\/div>\n\t\t\t\t<div class=\"elementor-element elementor-element-7f14bf28 elementor-invisible elementor-widget elementor-widget-heading\" data-id=\"7f14bf28\" data-element_type=\"widget\" data-settings=\"{&quot;_animation&quot;:&quot;fadeInUp&quot;,&quot;_animation_delay&quot;:100}\" data-widget_type=\"heading.default\">\n\t\t\t\t\t<h2 class=\"elementor-heading-title elementor-size-default\">Current jobs<\/h2>\t\t\t\t<\/div>\n\t\t\t\t<div class=\"elementor-element elementor-element-20552f80 elementor-grid-1 elementor-grid-tablet-2 elementor-grid-mobile-1 elementor-widget elementor-widget-loop-grid\" data-id=\"20552f80\" data-element_type=\"widget\" data-settings=\"{&quot;template_id&quot;:&quot;4017&quot;,&quot;row_gap&quot;:{&quot;unit&quot;:&quot;px&quot;,&quot;size&quot;:10,&quot;sizes&quot;:[]},&quot;columns&quot;:1,&quot;_skin&quot;:&quot;post&quot;,&quot;columns_tablet&quot;:&quot;2&quot;,&quot;columns_mobile&quot;:&quot;1&quot;,&quot;edit_handle_selector&quot;:&quot;[data-elementor-type=\\&quot;loop-item\\&quot;]&quot;,&quot;row_gap_tablet&quot;:{&quot;unit&quot;:&quot;px&quot;,&quot;size&quot;:&quot;&quot;,&quot;sizes&quot;:[]},&quot;row_gap_mobile&quot;:{&quot;unit&quot;:&quot;px&quot;,&quot;size&quot;:&quot;&quot;,&quot;sizes&quot;:[]}}\" data-widget_type=\"loop-grid.post\">\n\t\t\t\t<div class=\"elementor-widget-container\">\n\t\t\t\t\t\t\t<div class=\"elementor-loop-container elementor-grid\" role=\"list\">\n\t\t<style id=\"loop-4017\">.elementor-4017 .elementor-element.elementor-element-61988a3c{--display:flex;--align-items:flex-start;--container-widget-width:calc( ( 1 - var( --container-widget-flex-grow ) ) * 100% );--gap:20px 20px;--row-gap:20px;--column-gap:20px;--margin-top:0px;--margin-bottom:0px;--margin-left:0px;--margin-right:0px;--padding-top:20px;--padding-bottom:20px;--padding-left:20px;--padding-right:20px;}.elementor-4017 .elementor-element.elementor-element-61988a3c:not(.elementor-motion-effects-element-type-background), .elementor-4017 .elementor-element.elementor-element-61988a3c > .elementor-motion-effects-container > .elementor-motion-effects-layer{background-color:var( --e-global-color-accent );}.elementor-4017 .elementor-element.elementor-element-178f37c{font-family:var( --e-global-typography-2f46770-font-family ), Sans-serif;font-size:var( --e-global-typography-2f46770-font-size );font-weight:var( --e-global-typography-2f46770-font-weight );text-transform:var( --e-global-typography-2f46770-text-transform );font-style:var( --e-global-typography-2f46770-font-style );text-decoration:var( --e-global-typography-2f46770-text-decoration );line-height:var( --e-global-typography-2f46770-line-height );letter-spacing:var( --e-global-typography-2f46770-letter-spacing );}.elementor-4017 .elementor-element.elementor-element-2cd8eb27{margin:-20px 0px calc(var(--kit-widget-spacing, 0px) + 0px) 0px;}.elementor-4017 .elementor-element.elementor-element-2cd8eb27 .elementor-heading-title{font-family:var( --e-global-typography-e61947c-font-family ), Sans-serif;font-size:var( --e-global-typography-e61947c-font-size );font-weight:var( --e-global-typography-e61947c-font-weight );text-transform:var( --e-global-typography-e61947c-text-transform );font-style:var( --e-global-typography-e61947c-font-style );text-decoration:var( --e-global-typography-e61947c-text-decoration );line-height:var( --e-global-typography-e61947c-line-height );letter-spacing:var( --e-global-typography-e61947c-letter-spacing );}.elementor-4017 .elementor-element.elementor-element-90a7ca2 .elementor-button{background-color:var( --e-global-color-primary );fill:var( --e-global-color-accent );color:var( --e-global-color-accent );border-style:solid;border-width:1px 1px 1px 1px;border-color:var( --e-global-color-primary );}.elementor-4017 .elementor-element.elementor-element-90a7ca2 .elementor-button:hover, .elementor-4017 .elementor-element.elementor-element-90a7ca2 .elementor-button:focus{background-color:var( --e-global-color-secondary );color:var( --e-global-color-primary );border-color:var( --e-global-color-primary );}.elementor-4017 .elementor-element.elementor-element-90a7ca2:hover{--e-transform-translateY:-10px;}.elementor-4017 .elementor-element.elementor-element-90a7ca2 .elementor-button:hover svg, .elementor-4017 .elementor-element.elementor-element-90a7ca2 .elementor-button:focus svg{fill:var( --e-global-color-primary );}@media(max-width:1379px){.elementor-4017 .elementor-element.elementor-element-178f37c{font-size:var( --e-global-typography-2f46770-font-size );line-height:var( --e-global-typography-2f46770-line-height );letter-spacing:var( --e-global-typography-2f46770-letter-spacing );}.elementor-4017 .elementor-element.elementor-element-2cd8eb27 .elementor-heading-title{font-size:var( --e-global-typography-e61947c-font-size );line-height:var( --e-global-typography-e61947c-line-height );letter-spacing:var( --e-global-typography-e61947c-letter-spacing );}}@media(max-width:767px){.elementor-4017 .elementor-element.elementor-element-178f37c{font-size:var( --e-global-typography-2f46770-font-size );line-height:var( --e-global-typography-2f46770-line-height );letter-spacing:var( --e-global-typography-2f46770-letter-spacing );}.elementor-4017 .elementor-element.elementor-element-2cd8eb27 .elementor-heading-title{font-size:var( --e-global-typography-e61947c-font-size );line-height:var( --e-global-typography-e61947c-line-height );letter-spacing:var( --e-global-typography-e61947c-letter-spacing );}}<\/style>\t\t<div data-elementor-type=\"loop-item\" data-elementor-id=\"4017\" class=\"elementor elementor-4017 e-loop-item e-loop-item-4178 post-4178 stellenangebot type-stellenangebot status-publish hentry berufsgruppe-ausbildung standort-stuttgart\" data-elementor-post-type=\"elementor_library\" data-custom-edit-handle=\"1\">\n\t\t\t<div class=\"elementor-element elementor-element-61988a3c e-con-full e-flex elementor-invisible e-con e-parent\" data-id=\"61988a3c\" data-element_type=\"container\" data-settings=\"{&quot;animation&quot;:&quot;fadeInUp&quot;,&quot;background_background&quot;:&quot;classic&quot;}\">\n\t\t\t\t<div class=\"elementor-element elementor-element-178f37c elementor-widget elementor-widget-text-editor\" data-id=\"178f37c\" data-element_type=\"widget\" data-widget_type=\"text-editor.default\">\n\t\t\t\t\t\t\t\t\t<span>Stuttgart<\/span>\t\t\t\t\t\t\t\t<\/div>\n\t\t\t\t<div class=\"elementor-element elementor-element-2cd8eb27 elementor-widget elementor-widget-heading\" data-id=\"2cd8eb27\" data-element_type=\"widget\" data-settings=\"{&quot;_animation&quot;:&quot;none&quot;,&quot;_animation_delay&quot;:200}\" data-widget_type=\"heading.default\">\n\t\t\t\t\t<h2 class=\"elementor-heading-title elementor-size-default\">Apprenticeship as a paralegal (m\/f\/d)<\/h2>\t\t\t\t<\/div>\n\t\t\t\t<div class=\"elementor-element elementor-element-90a7ca2 e-transform elementor-widget elementor-widget-button\" data-id=\"90a7ca2\" data-element_type=\"widget\" data-settings=\"{&quot;_transform_translateY_effect_hover&quot;:{&quot;unit&quot;:&quot;px&quot;,&quot;size&quot;:-10,&quot;sizes&quot;:[]},&quot;_transform_translateX_effect_hover&quot;:{&quot;unit&quot;:&quot;px&quot;,&quot;size&quot;:&quot;&quot;,&quot;sizes&quot;:[]},&quot;_transform_translateX_effect_hover_tablet&quot;:{&quot;unit&quot;:&quot;px&quot;,&quot;size&quot;:&quot;&quot;,&quot;sizes&quot;:[]},&quot;_transform_translateX_effect_hover_mobile&quot;:{&quot;unit&quot;:&quot;px&quot;,&quot;size&quot;:&quot;&quot;,&quot;sizes&quot;:[]},&quot;_transform_translateY_effect_hover_tablet&quot;:{&quot;unit&quot;:&quot;px&quot;,&quot;size&quot;:&quot;&quot;,&quot;sizes&quot;:[]},&quot;_transform_translateY_effect_hover_mobile&quot;:{&quot;unit&quot;:&quot;px&quot;,&quot;size&quot;:&quot;&quot;,&quot;sizes&quot;:[]}}\" data-widget_type=\"button.default\">\n\t\t\t\t\t\t\t\t\t\t<a class=\"elementor-button elementor-button-link elementor-size-sm\" href=\"https:\/\/breyer-rechtsanwaelte.de\/en\/stellenangebot\/ausbildungsplatz-zum-zur-rechtsanwaltsfachangestellten-m-w-d\/\">\n\t\t\t\t\t\t<span class=\"elementor-button-content-wrapper\">\n\t\t\t\t\t\t\t\t\t<span class=\"elementor-button-text\">Read more<\/span>\n\t\t\t\t\t<\/span>\n\t\t\t\t\t<\/a>\n\t\t\t\t\t\t\t\t<\/div>\n\t\t\t\t<\/div>\n\t\t\t\t<\/div>\n\t\t\t\t<\/div>\n\t\t\n\t\t\t\t\t\t<\/div>\n\t\t\t\t<\/div>\n\t\t\t\t\t<\/div>\n\t\t\t\t<\/div>\n\t\t\t\t<\/div>","protected":false},"excerpt":{"rendered":"<p>Ausbildungsstellen Home Karriere Ausbildungsstellen Ausbildungsstellen Eine Ausbildung zum\/zur Rechtsanwaltsfachangestellten bietet eine fundierte berufliche Qualifikation im rechtlichen Bereich. Auszubildende lernen, Anw\u00e4lte in organisatorischen und administrativen Aufgaben zu unterst\u00fctzen, indem sie Akten f\u00fchren, Fristen \u00fcberwachen, Dokumente erstellen und den Kontakt zu Mandanten pflegen. ### Aktuelle Stellenangebote<\/p>","protected":false},"author":1,"featured_media":0,"parent":5392,"menu_order":0,"comment_status":"closed","ping_status":"closed","template":"","meta":{"_acf_changed":false,"footnotes":""},"class_list":["post-4170","page","type-page","status-publish","hentry"],"acf":[],"_links":{"self":[{"href":"https:\/\/breyer-rechtsanwaelte.de\/en\/wp-json\/wp\/v2\/pages\/4170","targetHints":{"allow":["GET"]}}],"collection":[{"href":"https:\/\/breyer-rechtsanwaelte.de\/en\/wp-json\/wp\/v2\/pages"}],"about":[{"href":"https:\/\/breyer-rechtsanwaelte.de\/en\/wp-json\/wp\/v2\/types\/page"}],"author":[{"embeddable":true,"href":"https:\/\/breyer-rechtsanwaelte.de\/en\/wp-json\/wp\/v2\/users\/1"}],"replies":[{"embeddable":true,"href":"https:\/\/breyer-rechtsanwaelte.de\/en\/wp-json\/wp\/v2\/comments?post=4170"}],"version-history":[{"count":0,"href":"https:\/\/breyer-rechtsanwaelte.de\/en\/wp-json\/wp\/v2\/pages\/4170\/revisions"}],"up":[{"embeddable":true,"href":"https:\/\/breyer-rechtsanwaelte.de\/en\/wp-json\/wp\/v2\/pages\/5392"}],"wp:attachment":[{"href":"https:\/\/breyer-rechtsanwaelte.de\/en\/wp-json\/wp\/v2\/media?parent=4170"}],"curies":[{"name":"wp","href":"https:\/\/api.w.org\/{rel}","templated":true}]}}