{"id":5565,"date":"2024-08-30T10:48:27","date_gmt":"2024-08-30T08:48:27","guid":{"rendered":"https:\/\/breyer-rechtsanwaelte.de\/?page_id=5565"},"modified":"2024-09-23T11:15:33","modified_gmt":"2024-09-23T09:15:33","slug":"international","status":"publish","type":"page","link":"https:\/\/breyer-rechtsanwaelte.de\/en\/international\/","title":{"rendered":"International"},"content":{"rendered":"<div data-elementor-type=\"wp-page\" data-elementor-id=\"5565\" class=\"elementor elementor-5565\" data-elementor-post-type=\"page\">\n\t\t\t\t<div class=\"elementor-element elementor-element-6660938 e-con-full e-flex e-con e-parent\" data-id=\"6660938\" data-element_type=\"container\">\n\t\t\t\t<div class=\"elementor-element elementor-element-af81d46 elementor-invisible elementor-widget elementor-widget-heading\" data-id=\"af81d46\" data-element_type=\"widget\" data-settings=\"{&quot;_animation&quot;:&quot;fadeInUp&quot;}\" data-widget_type=\"heading.default\">\n\t\t\t\t\t<h1 class=\"elementor-heading-title elementor-size-default\">International<\/h1>\t\t\t\t<\/div>\n\t\t\t\t<div class=\"elementor-element elementor-element-0497019 elementor-icon-list--layout-inline elementor-list-item-link-full_width elementor-invisible elementor-widget elementor-widget-icon-list\" data-id=\"0497019\" data-element_type=\"widget\" data-settings=\"{&quot;_animation&quot;:&quot;fadeInUp&quot;,&quot;_animation_delay&quot;:100}\" data-widget_type=\"icon-list.default\">\n\t\t\t\t\t\t\t<ul class=\"elementor-icon-list-items elementor-inline-items\">\n\t\t\t\t\t\t\t<li class=\"elementor-icon-list-item elementor-inline-item\">\n\t\t\t\t\t\t\t\t\t\t\t<a href=\"https:\/\/breyer-rechtsanwaelte.de\/en\">\n\n\t\t\t\t\t\t\t\t\t\t\t<span class=\"elementor-icon-list-text\">Home<\/span>\n\t\t\t\t\t\t\t\t\t\t\t<\/a>\n\t\t\t\t\t\t\t\t\t<\/li>\n\t\t\t\t\t\t\t\t<li class=\"elementor-icon-list-item elementor-inline-item\">\n\t\t\t\t\t\t\t\t\t\t\t<span class=\"elementor-icon-list-icon\">\n\t\t\t\t\t\t\t<i aria-hidden=\"true\" class=\"material-icons-sharp md-arrow_forward\" data-md-icon=\"arrow_forward\"><\/i>\t\t\t\t\t\t<\/span>\n\t\t\t\t\t\t\t\t\t\t<span class=\"elementor-icon-list-text\">International<\/span>\n\t\t\t\t\t\t\t\t\t<\/li>\n\t\t\t\t\t\t<\/ul>\n\t\t\t\t\t\t<\/div>\n\t\t\t\t<\/div>\n\t\t<div class=\"elementor-element elementor-element-7ad363c e-con-full e-flex e-con e-parent\" data-id=\"7ad363c\" data-element_type=\"container\">\n\t\t<div class=\"elementor-element elementor-element-a891aea e-con-full e-flex e-con e-child\" data-id=\"a891aea\" data-element_type=\"container\" data-settings=\"{&quot;background_background&quot;:&quot;classic&quot;}\">\n\t\t\t\t<div class=\"elementor-element elementor-element-17425d8 elementor-widget elementor-widget-spacer\" data-id=\"17425d8\" data-element_type=\"widget\" data-widget_type=\"spacer.default\">\n\t\t\t\t\t\t\t<div class=\"elementor-spacer\">\n\t\t\t<div class=\"elementor-spacer-inner\"><\/div>\n\t\t<\/div>\n\t\t\t\t\t\t<\/div>\n\t\t\t\t<\/div>\n\t\t\t\t<\/div>\n\t\t<div class=\"elementor-element elementor-element-051160b e-flex e-con-boxed e-con e-parent\" data-id=\"051160b\" data-element_type=\"container\">\n\t\t\t\t\t<div class=\"e-con-inner\">\n\t\t<div class=\"elementor-element elementor-element-e38761a e-con-full e-flex e-con e-child\" data-id=\"e38761a\" data-element_type=\"container\">\n\t\t\t\t<div class=\"elementor-element elementor-element-81391d7 elementor-invisible elementor-widget elementor-widget-heading\" data-id=\"81391d7\" data-element_type=\"widget\" data-settings=\"{&quot;_animation&quot;:&quot;fadeInUp&quot;}\" data-widget_type=\"heading.default\">\n\t\t\t\t\t<h2 class=\"elementor-heading-title elementor-size-default\">International expertise in construction law<\/h2>\t\t\t\t<\/div>\n\t\t\t\t<\/div>\n\t\t<div class=\"elementor-element elementor-element-4949696 e-con-full e-flex e-con e-child\" data-id=\"4949696\" data-element_type=\"container\">\n\t\t\t\t<div class=\"elementor-element elementor-element-7cde433 elementor-invisible elementor-widget elementor-widget-text-editor\" data-id=\"7cde433\" data-element_type=\"widget\" data-settings=\"{&quot;_animation&quot;:&quot;fadeInUp&quot;,&quot;_animation_delay&quot;:100}\" data-widget_type=\"text-editor.default\">\n\t\t\t\t\t\t\t\t\t<p>Breyer Attorneys at Law has almost 30 years of experience in international construction law and is part of Leading Construction Lawyers, an excellence alliance with the leading construction law firms Peckar &amp; Abramson and Advant Altana in their home countries USA and France and the dispute resolution specialist PS Consulting. Our team includes native speakers (English).<\/p>\t\t\t\t\t\t\t\t<\/div>\n\t\t\t\t<\/div>\n\t\t\t\t\t<\/div>\n\t\t\t\t<\/div>\n\t\t<div class=\"elementor-element elementor-element-124b603 e-flex e-con-boxed e-con e-parent\" data-id=\"124b603\" data-element_type=\"container\">\n\t\t\t\t\t<div class=\"e-con-inner\">\n\t\t\t\t<div class=\"elementor-element elementor-element-9c69db6 elementor-widget-divider--view-line elementor-widget elementor-widget-divider\" data-id=\"9c69db6\" data-element_type=\"widget\" data-widget_type=\"divider.default\">\n\t\t\t\t\t\t\t<div class=\"elementor-divider\">\n\t\t\t<span class=\"elementor-divider-separator\">\n\t\t\t\t\t\t<\/span>\n\t\t<\/div>\n\t\t\t\t\t\t<\/div>\n\t\t\t\t\t<\/div>\n\t\t\t\t<\/div>\n\t\t<div class=\"elementor-element elementor-element-a9dd59b e-flex e-con-boxed e-con e-parent\" data-id=\"a9dd59b\" data-element_type=\"container\">\n\t\t\t\t\t<div class=\"e-con-inner\">\n\t\t\t\t<div class=\"elementor-element elementor-element-d24361c elementor-invisible elementor-widget elementor-widget-image\" data-id=\"d24361c\" data-element_type=\"widget\" data-settings=\"{&quot;_animation&quot;:&quot;fadeInUp&quot;}\" data-widget_type=\"image.default\">\n\t\t\t\t\t\t\t\t\t\t\t\t\t\t\t<img decoding=\"async\" width=\"152\" height=\"152\" src=\"https:\/\/breyer-rechtsanwaelte.de\/wp-content\/uploads\/2024\/08\/Breyer-Rechtsanwaelte-Piktogram.svg\" class=\"attachment-full size-full wp-image-4877\" alt=\"\" \/>\t\t\t\t\t\t\t\t\t\t\t\t\t\t\t<\/div>\n\t\t\t\t<div class=\"elementor-element elementor-element-763e301 elementor-invisible elementor-widget elementor-widget-heading\" data-id=\"763e301\" data-element_type=\"widget\" data-settings=\"{&quot;_animation&quot;:&quot;fadeInUp&quot;,&quot;_animation_delay&quot;:100}\" data-widget_type=\"heading.default\">\n\t\t\t\t\t<h2 class=\"elementor-heading-title elementor-size-default\">Our expertise in international construction law<\/h2>\t\t\t\t<\/div>\n\t\t\t\t<div class=\"elementor-element elementor-element-4a0a40d elementor-invisible elementor-widget elementor-widget-text-editor\" data-id=\"4a0a40d\" data-element_type=\"widget\" data-settings=\"{&quot;_animation&quot;:&quot;fadeInUp&quot;,&quot;_animation_delay&quot;:200}\" data-widget_type=\"text-editor.default\">\n\t\t\t\t\t\t\t\t\t<p>Breyer Rechtsanw\u00e4lte offers comprehensive expertise in contract drafting and dispute resolution in accordance with FIDIC standards for international construction projects.<\/p>\t\t\t\t\t\t\t\t<\/div>\n\t\t<div class=\"elementor-element elementor-element-ef21d60 e-grid e-con-full e-con e-child\" data-id=\"ef21d60\" data-element_type=\"container\">\n\t\t<div class=\"elementor-element elementor-element-e3760fc e-con-full e-flex e-con e-child\" data-id=\"e3760fc\" data-element_type=\"container\">\n\t\t<div class=\"elementor-element elementor-element-c413a5e e-con-full e-flex e-con e-child\" data-id=\"c413a5e\" data-element_type=\"container\">\n\t\t\t\t<div class=\"elementor-element elementor-element-34d1057 elementor-view-default elementor-invisible elementor-widget elementor-widget-icon\" data-id=\"34d1057\" data-element_type=\"widget\" data-settings=\"{&quot;_animation&quot;:&quot;fadeInUp&quot;}\" data-widget_type=\"icon.default\">\n\t\t\t\t\t\t\t<div class=\"elementor-icon-wrapper\">\n\t\t\t<div class=\"elementor-icon\">\n\t\t\t<svg xmlns=\"http:\/\/www.w3.org\/2000\/svg\" id=\"uuid-265f3b8f-004d-4ae6-be71-d96d5968f6c4\" width=\"152.2\" height=\"152.2\" viewbox=\"0 0 152.2 152.2\"><g id=\"uuid-0ef912d9-85bd-40f2-ba4d-ff0511db0e9b\"><path d=\"M76.1,152.2C34.1,152.2,0,118.2,0,76.1S34.1,0,76.1,0s76.1,34.1,76.1,76.1-34.1,76.1-76.1,76.1M105.5,126.1h.6c.2,0,.5-.2.6-.4.2-.2.3-.5.3-.7h0l.7-97.3c0-.5-.2-.9-.7-1.1-.2-.1-.4-.2-.7-.2s-.5,0-.7.2L20.5,75.2c-.1,0-.2.1-.3.2h0s0,.1-.1.2h0c0,.1,0,.2-.1.3v.2h0v.1h0c0,.3.2.6.4.8h0l84.7,48.5h.2M99.3,119.5L28.8,79.2l41.6,8.3,28.9,32.1M101.1,117.6l-29-32.2c-.2-.2-.4-.4-.7-.4l-41.2-8.2,50.2-4.9,20.8,45.7M102.8,114.9l-20.5-45c-.2-.5-.7-.8-1.2-.8s0,0-.1,0l-49.5,4.8,60.6-21.8,10.7,62.7M104.6,109.8l-10.2-59.6c0-.4-.3-.7-.6-.9-.2-.1-.4-.2-.7-.2h-.4l-57.8,20.8L105.1,29.8l-.5,80.1\" style=\"fill:#24387e;\"><\/path><path d=\"M107.1,124.7v-.2l-2.5-14.7.5-80.1-70.3,40.2-14.2,5.1c-.1,0-.2.1-.4.2l-.1.1s.2-.2.3-.2L105.8,26.3c.2-.1.4-.2.7-.2s.5,0,.7.2c.4.2.7.7.7,1.1l-.7,97.3M20.5,77.4h0M20.4,77.4h0M19.8,76.5h0M19.8,76.4h0M19.8,76.4h0M19.8,76.4h0M19.8,76.4v-.1c0-.1,0,0,0,0v.1M19.8,76.3h0M19.8,76.3h0M19.8,76.2h0M20.2,75.4h0\" style=\"fill:#fff;\"><\/path><path d=\"M105.8,126.1h-.5L20.5,77.4h0c-.2-.2-.4-.5-.4-.8h0v-.1h0v-.2c0-.1,0-.2.1-.3q.07-.07,0,0c-.1.1,0,0,0,0h0s0-.1.1-.2h0l.1-.1c.1,0,.2-.1.4-.2l14.2-5.1,57.8-20.8h.4c.2,0,.5,0,.7.2.3.2.6.5.6.9l10.2,59.6,2.5,14.7v.2h0c0,.3-.1.5-.3.7-.2.2-.4.3-.6.4h-.3M28.8,79.2l70.5,40.4-28.9-32.1-41.6-8.3M30.1,76.7l41.2,8.2c.3,0,.5.2.7.4l29,32.2-20.8-45.7-50.2,4.9M81.1,69.1c.5,0,1,.3,1.2.8l20.5,45-10.7-62.7-60.6,21.8,49.5-4.8h.1\" style=\"fill:#fff;\"><\/path><\/g><\/svg>\t\t\t<\/div>\n\t\t<\/div>\n\t\t\t\t\t\t<\/div>\n\t\t\t\t<div class=\"elementor-element elementor-element-d2ba245 elementor-invisible elementor-widget elementor-widget-heading\" data-id=\"d2ba245\" data-element_type=\"widget\" data-settings=\"{&quot;_animation&quot;:&quot;fadeInUp&quot;,&quot;_animation_delay&quot;:10}\" data-widget_type=\"heading.default\">\n\t\t\t\t\t<h3 class=\"elementor-heading-title elementor-size-default\">Contract drafting &amp; dispute resolution<\/h3>\t\t\t\t<\/div>\n\t\t\t\t<div class=\"elementor-element elementor-element-093c621 elementor-invisible elementor-widget elementor-widget-text-editor\" data-id=\"093c621\" data-element_type=\"widget\" data-settings=\"{&quot;_animation&quot;:&quot;fadeInUp&quot;,&quot;_animation_delay&quot;:200}\" data-widget_type=\"text-editor.default\">\n\t\t\t\t\t\t\t\t\t<p>Breyer Rechtsanw\u00e4lte advises on major construction projects worldwide and represents clients in arbitration proceedings, with a geographical focus on Eastern Europe, the USA, South America, China, the Gulf States and Africa. The firm's network and close university contacts enable it to provide qualified advice, particularly in dealing with international standard contracts such as FIDIC, NEC and JCT.<\/p>\t\t\t\t\t\t\t\t<\/div>\n\t\t\t\t<\/div>\n\t\t\t\t<div class=\"elementor-element elementor-element-feac064 e-transform elementor-invisible elementor-widget elementor-widget-button\" data-id=\"feac064\" data-element_type=\"widget\" data-settings=\"{&quot;_animation&quot;:&quot;fadeInUp&quot;,&quot;_animation_delay&quot;:300,&quot;_transform_translateY_effect_hover&quot;:{&quot;unit&quot;:&quot;px&quot;,&quot;size&quot;:-10,&quot;sizes&quot;:[]},&quot;_transform_translateX_effect_hover&quot;:{&quot;unit&quot;:&quot;px&quot;,&quot;size&quot;:&quot;&quot;,&quot;sizes&quot;:[]},&quot;_transform_translateX_effect_hover_tablet&quot;:{&quot;unit&quot;:&quot;px&quot;,&quot;size&quot;:&quot;&quot;,&quot;sizes&quot;:[]},&quot;_transform_translateX_effect_hover_mobile&quot;:{&quot;unit&quot;:&quot;px&quot;,&quot;size&quot;:&quot;&quot;,&quot;sizes&quot;:[]},&quot;_transform_translateY_effect_hover_tablet&quot;:{&quot;unit&quot;:&quot;px&quot;,&quot;size&quot;:&quot;&quot;,&quot;sizes&quot;:[]},&quot;_transform_translateY_effect_hover_mobile&quot;:{&quot;unit&quot;:&quot;px&quot;,&quot;size&quot;:&quot;&quot;,&quot;sizes&quot;:[]}}\" data-widget_type=\"button.default\">\n\t\t\t\t\t\t\t\t\t\t<a class=\"elementor-button elementor-button-link elementor-size-sm\" href=\"https:\/\/breyer-rechtsanwaelte.de\/en\/international\/vertragsgestaltung-streitschlichtung\/\">\n\t\t\t\t\t\t<span class=\"elementor-button-content-wrapper\">\n\t\t\t\t\t\t\t\t\t<span class=\"elementor-button-text\">Read more<\/span>\n\t\t\t\t\t<\/span>\n\t\t\t\t\t<\/a>\n\t\t\t\t\t\t\t\t<\/div>\n\t\t\t\t<\/div>\n\t\t<div class=\"elementor-element elementor-element-33c7474 e-con-full e-flex e-con e-child\" data-id=\"33c7474\" data-element_type=\"container\">\n\t\t<div class=\"elementor-element elementor-element-14c39a3 e-con-full e-flex e-con e-child\" data-id=\"14c39a3\" data-element_type=\"container\">\n\t\t\t\t<div class=\"elementor-element elementor-element-a53b960 elementor-view-default elementor-invisible elementor-widget elementor-widget-icon\" data-id=\"a53b960\" data-element_type=\"widget\" data-settings=\"{&quot;_animation&quot;:&quot;fadeInUp&quot;}\" data-widget_type=\"icon.default\">\n\t\t\t\t\t\t\t<div class=\"elementor-icon-wrapper\">\n\t\t\t<div class=\"elementor-icon\">\n\t\t\t<svg xmlns=\"http:\/\/www.w3.org\/2000\/svg\" id=\"uuid-265f3b8f-004d-4ae6-be71-d96d5968f6c4\" width=\"152.2\" height=\"152.2\" viewbox=\"0 0 152.2 152.2\"><g id=\"uuid-0ef912d9-85bd-40f2-ba4d-ff0511db0e9b\"><path d=\"M76.1,152.2C34.1,152.2,0,118.2,0,76.1S34.1,0,76.1,0s76.1,34.1,76.1,76.1-34.1,76.1-76.1,76.1M105.5,126.1h.6c.2,0,.5-.2.6-.4.2-.2.3-.5.3-.7h0l.7-97.3c0-.5-.2-.9-.7-1.1-.2-.1-.4-.2-.7-.2s-.5,0-.7.2L20.5,75.2c-.1,0-.2.1-.3.2h0s0,.1-.1.2h0c0,.1,0,.2-.1.3v.2h0v.1h0c0,.3.2.6.4.8h0l84.7,48.5h.2M99.3,119.5L28.8,79.2l41.6,8.3,28.9,32.1M101.1,117.6l-29-32.2c-.2-.2-.4-.4-.7-.4l-41.2-8.2,50.2-4.9,20.8,45.7M102.8,114.9l-20.5-45c-.2-.5-.7-.8-1.2-.8s0,0-.1,0l-49.5,4.8,60.6-21.8,10.7,62.7M104.6,109.8l-10.2-59.6c0-.4-.3-.7-.6-.9-.2-.1-.4-.2-.7-.2h-.4l-57.8,20.8L105.1,29.8l-.5,80.1\" style=\"fill:#24387e;\"><\/path><path d=\"M107.1,124.7v-.2l-2.5-14.7.5-80.1-70.3,40.2-14.2,5.1c-.1,0-.2.1-.4.2l-.1.1s.2-.2.3-.2L105.8,26.3c.2-.1.4-.2.7-.2s.5,0,.7.2c.4.2.7.7.7,1.1l-.7,97.3M20.5,77.4h0M20.4,77.4h0M19.8,76.5h0M19.8,76.4h0M19.8,76.4h0M19.8,76.4h0M19.8,76.4v-.1c0-.1,0,0,0,0v.1M19.8,76.3h0M19.8,76.3h0M19.8,76.2h0M20.2,75.4h0\" style=\"fill:#fff;\"><\/path><path d=\"M105.8,126.1h-.5L20.5,77.4h0c-.2-.2-.4-.5-.4-.8h0v-.1h0v-.2c0-.1,0-.2.1-.3q.07-.07,0,0c-.1.1,0,0,0,0h0s0-.1.1-.2h0l.1-.1c.1,0,.2-.1.4-.2l14.2-5.1,57.8-20.8h.4c.2,0,.5,0,.7.2.3.2.6.5.6.9l10.2,59.6,2.5,14.7v.2h0c0,.3-.1.5-.3.7-.2.2-.4.3-.6.4h-.3M28.8,79.2l70.5,40.4-28.9-32.1-41.6-8.3M30.1,76.7l41.2,8.2c.3,0,.5.2.7.4l29,32.2-20.8-45.7-50.2,4.9M81.1,69.1c.5,0,1,.3,1.2.8l20.5,45-10.7-62.7-60.6,21.8,49.5-4.8h.1\" style=\"fill:#fff;\"><\/path><\/g><\/svg>\t\t\t<\/div>\n\t\t<\/div>\n\t\t\t\t\t\t<\/div>\n\t\t\t\t<div class=\"elementor-element elementor-element-2f076e3 elementor-invisible elementor-widget elementor-widget-heading\" data-id=\"2f076e3\" data-element_type=\"widget\" data-settings=\"{&quot;_animation&quot;:&quot;fadeInUp&quot;,&quot;_animation_delay&quot;:10}\" data-widget_type=\"heading.default\">\n\t\t\t\t\t<h3 class=\"elementor-heading-title elementor-size-default\">FIDIC<\/h3>\t\t\t\t<\/div>\n\t\t\t\t<div class=\"elementor-element elementor-element-7dd4b9e elementor-invisible elementor-widget elementor-widget-text-editor\" data-id=\"7dd4b9e\" data-element_type=\"widget\" data-settings=\"{&quot;_animation&quot;:&quot;fadeInUp&quot;,&quot;_animation_delay&quot;:200}\" data-widget_type=\"text-editor.default\">\n\t\t\t\t\t\t\t\t\t<p>The FIDIC model contracts are globally recognized standards for international construction projects and offer clear regulations for complex construction projects. Breyer Rechtsanw\u00e4lte supports you in adapting these contracts and offers practical training courses in German and English on the optimal application of FIDIC contracts.<\/p>\t\t\t\t\t\t\t\t<\/div>\n\t\t\t\t<\/div>\n\t\t\t\t<div class=\"elementor-element elementor-element-a1d1bfe e-transform elementor-invisible elementor-widget elementor-widget-button\" data-id=\"a1d1bfe\" data-element_type=\"widget\" data-settings=\"{&quot;_animation&quot;:&quot;fadeInUp&quot;,&quot;_animation_delay&quot;:300,&quot;_transform_translateY_effect_hover&quot;:{&quot;unit&quot;:&quot;px&quot;,&quot;size&quot;:-10,&quot;sizes&quot;:[]},&quot;_transform_translateX_effect_hover&quot;:{&quot;unit&quot;:&quot;px&quot;,&quot;size&quot;:&quot;&quot;,&quot;sizes&quot;:[]},&quot;_transform_translateX_effect_hover_tablet&quot;:{&quot;unit&quot;:&quot;px&quot;,&quot;size&quot;:&quot;&quot;,&quot;sizes&quot;:[]},&quot;_transform_translateX_effect_hover_mobile&quot;:{&quot;unit&quot;:&quot;px&quot;,&quot;size&quot;:&quot;&quot;,&quot;sizes&quot;:[]},&quot;_transform_translateY_effect_hover_tablet&quot;:{&quot;unit&quot;:&quot;px&quot;,&quot;size&quot;:&quot;&quot;,&quot;sizes&quot;:[]},&quot;_transform_translateY_effect_hover_mobile&quot;:{&quot;unit&quot;:&quot;px&quot;,&quot;size&quot;:&quot;&quot;,&quot;sizes&quot;:[]}}\" data-widget_type=\"button.default\">\n\t\t\t\t\t\t\t\t\t\t<a class=\"elementor-button elementor-button-link elementor-size-sm\" href=\"https:\/\/breyer-rechtsanwaelte.de\/en\/international\/fidic\/\">\n\t\t\t\t\t\t<span class=\"elementor-button-content-wrapper\">\n\t\t\t\t\t\t\t\t\t<span class=\"elementor-button-text\">Read more<\/span>\n\t\t\t\t\t<\/span>\n\t\t\t\t\t<\/a>\n\t\t\t\t\t\t\t\t<\/div>\n\t\t\t\t<\/div>\n\t\t\t\t<\/div>\n\t\t\t\t\t<\/div>\n\t\t\t\t<\/div>\n\t\t\t\t<\/div>","protected":false},"excerpt":{"rendered":"<p>International Home International Internationale Expertise im Baurecht Breyer Rechtsanw\u00e4lte verf\u00fcgt \u00fcber knapp 30 Jahre Erfahrung im International Construction Law und ist Teil der Leading Construction Lawyers, einer Excellenz-Allianz mit den in ihren Heimatl\u00e4ndern USA und Frankreich im Baurecht f\u00fchrenden Kanzleien Peckar &amp; Abramson und Advant Altana und der auf Dispute Resolution spezialisierten Einheit PS Consulting. [&hellip;]<\/p>","protected":false},"author":1,"featured_media":0,"parent":0,"menu_order":0,"comment_status":"closed","ping_status":"closed","template":"","meta":{"_acf_changed":false,"footnotes":""},"class_list":["post-5565","page","type-page","status-publish","hentry"],"acf":[],"_links":{"self":[{"href":"https:\/\/breyer-rechtsanwaelte.de\/en\/wp-json\/wp\/v2\/pages\/5565","targetHints":{"allow":["GET"]}}],"collection":[{"href":"https:\/\/breyer-rechtsanwaelte.de\/en\/wp-json\/wp\/v2\/pages"}],"about":[{"href":"https:\/\/breyer-rechtsanwaelte.de\/en\/wp-json\/wp\/v2\/types\/page"}],"author":[{"embeddable":true,"href":"https:\/\/breyer-rechtsanwaelte.de\/en\/wp-json\/wp\/v2\/users\/1"}],"replies":[{"embeddable":true,"href":"https:\/\/breyer-rechtsanwaelte.de\/en\/wp-json\/wp\/v2\/comments?post=5565"}],"version-history":[{"count":0,"href":"https:\/\/breyer-rechtsanwaelte.de\/en\/wp-json\/wp\/v2\/pages\/5565\/revisions"}],"wp:attachment":[{"href":"https:\/\/breyer-rechtsanwaelte.de\/en\/wp-json\/wp\/v2\/media?parent=5565"}],"curies":[{"name":"wp","href":"https:\/\/api.w.org\/{rel}","templated":true}]}}