{"id":9383,"date":"2024-11-21T14:09:03","date_gmt":"2024-11-21T13:09:03","guid":{"rendered":"https:\/\/breyer-rechtsanwaelte.de\/?page_id=9383"},"modified":"2024-11-21T14:14:24","modified_gmt":"2024-11-21T13:14:24","slug":"webinare","status":"publish","type":"page","link":"https:\/\/breyer-rechtsanwaelte.de\/en\/seminare\/webinare\/","title":{"rendered":"Webinare"},"content":{"rendered":"<div data-elementor-type=\"wp-page\" data-elementor-id=\"9383\" class=\"elementor elementor-9383\" data-elementor-post-type=\"page\">\n\t\t\t\t<div class=\"elementor-element elementor-element-ad0ea0c e-con-full e-flex e-con e-parent\" data-id=\"ad0ea0c\" data-element_type=\"container\">\n\t\t\t\t<div class=\"elementor-element elementor-element-83b70c3 elementor-invisible elementor-widget elementor-widget-heading\" data-id=\"83b70c3\" data-element_type=\"widget\" data-settings=\"{&quot;_animation&quot;:&quot;fadeInUp&quot;}\" data-widget_type=\"heading.default\">\n\t\t\t\t\t<h1 class=\"elementor-heading-title elementor-size-default\">In-house<\/h1>\t\t\t\t<\/div>\n\t\t\t\t<div class=\"elementor-element elementor-element-b98a312 elementor-icon-list--layout-inline elementor-list-item-link-full_width elementor-invisible elementor-widget elementor-widget-icon-list\" data-id=\"b98a312\" data-element_type=\"widget\" data-settings=\"{&quot;_animation&quot;:&quot;fadeInUp&quot;,&quot;_animation_delay&quot;:100}\" data-widget_type=\"icon-list.default\">\n\t\t\t\t\t\t\t<ul class=\"elementor-icon-list-items elementor-inline-items\">\n\t\t\t\t\t\t\t<li class=\"elementor-icon-list-item elementor-inline-item\">\n\t\t\t\t\t\t\t\t\t\t\t<a href=\"https:\/\/breyer-rechtsanwaelte.de\/en\">\n\n\t\t\t\t\t\t\t\t\t\t\t<span class=\"elementor-icon-list-text\">Home<\/span>\n\t\t\t\t\t\t\t\t\t\t\t<\/a>\n\t\t\t\t\t\t\t\t\t<\/li>\n\t\t\t\t\t\t\t\t<li class=\"elementor-icon-list-item elementor-inline-item\">\n\t\t\t\t\t\t\t\t\t\t\t<a href=\"https:\/\/breyer-rechtsanwaelte.de\/en\/seminare\/\">\n\n\t\t\t\t\t\t\t\t\t\t\t\t<span class=\"elementor-icon-list-icon\">\n\t\t\t\t\t\t\t<i aria-hidden=\"true\" class=\"material-icons-sharp md-arrow_forward\" data-md-icon=\"arrow_forward\"><\/i>\t\t\t\t\t\t<\/span>\n\t\t\t\t\t\t\t\t\t\t<span class=\"elementor-icon-list-text\">Seminars<\/span>\n\t\t\t\t\t\t\t\t\t\t\t<\/a>\n\t\t\t\t\t\t\t\t\t<\/li>\n\t\t\t\t\t\t\t\t<li class=\"elementor-icon-list-item elementor-inline-item\">\n\t\t\t\t\t\t\t\t\t\t\t<span class=\"elementor-icon-list-icon\">\n\t\t\t\t\t\t\t<i aria-hidden=\"true\" class=\"material-icons-sharp md-arrow_forward\" data-md-icon=\"arrow_forward\"><\/i>\t\t\t\t\t\t<\/span>\n\t\t\t\t\t\t\t\t\t\t<span class=\"elementor-icon-list-text\">In-house<\/span>\n\t\t\t\t\t\t\t\t\t<\/li>\n\t\t\t\t\t\t<\/ul>\n\t\t\t\t\t\t<\/div>\n\t\t\t\t<\/div>\n\t\t<div class=\"elementor-element elementor-element-2a96de1 e-con-full e-flex e-con e-parent\" data-id=\"2a96de1\" data-element_type=\"container\">\n\t\t<div class=\"elementor-element elementor-element-5a8dc1a e-con-full e-flex e-con e-child\" data-id=\"5a8dc1a\" data-element_type=\"container\" data-settings=\"{&quot;background_background&quot;:&quot;classic&quot;}\">\n\t\t\t\t<div class=\"elementor-element elementor-element-074fb6e elementor-widget elementor-widget-spacer\" data-id=\"074fb6e\" data-element_type=\"widget\" data-widget_type=\"spacer.default\">\n\t\t\t\t\t\t\t<div class=\"elementor-spacer\">\n\t\t\t<div class=\"elementor-spacer-inner\"><\/div>\n\t\t<\/div>\n\t\t\t\t\t\t<\/div>\n\t\t\t\t<\/div>\n\t\t\t\t<\/div>\n\t\t<div class=\"elementor-element elementor-element-5436011 e-flex e-con-boxed e-con e-parent\" data-id=\"5436011\" data-element_type=\"container\">\n\t\t\t\t\t<div class=\"e-con-inner\">\n\t\t<div class=\"elementor-element elementor-element-a38b75f e-con-full e-flex e-con e-child\" data-id=\"a38b75f\" data-element_type=\"container\">\n\t\t\t\t<div class=\"elementor-element elementor-element-eda9f43 elementor-invisible elementor-widget elementor-widget-heading\" data-id=\"eda9f43\" data-element_type=\"widget\" data-settings=\"{&quot;_animation&quot;:&quot;fadeInUp&quot;}\" data-widget_type=\"heading.default\">\n\t\t\t\t\t<h2 class=\"elementor-heading-title elementor-size-default\">Webinare<br>\n- Onlineseminare -<\/h2>\t\t\t\t<\/div>\n\t\t\t\t<\/div>\n\t\t<div class=\"elementor-element elementor-element-8de3478 e-con-full e-flex e-con e-child\" data-id=\"8de3478\" data-element_type=\"container\">\n\t\t\t\t<div class=\"elementor-element elementor-element-571f1c6 elementor-invisible elementor-widget elementor-widget-text-editor\" data-id=\"571f1c6\" data-element_type=\"widget\" data-settings=\"{&quot;_animation&quot;:&quot;fadeInUp&quot;,&quot;_animation_delay&quot;:100}\" data-widget_type=\"text-editor.default\">\n\t\t\t\t\t\t\t\t\t<p>Ausgew\u00e4hlte Schulungen bieten wir Ihnen selbstverst\u00e4ndlich gerne auch als Online-Veranstaltung an. Dies kann allgemein f\u00fcr die Mitarbeiter Ihres Unternehmens oder spezifisch f\u00fcr einzelne Mitarbeiter Ihres Unternehmens f\u00fcr Fortbildungszwecke interessant sein.<\/p><p>Unser Team arbeitet mit Ihnen die aktuelle rechtliche Inhalte durch und erkl\u00e4rt Ihnen, welche Auswirkungen dies auf das Bauwesen hat.<\/p>\t\t\t\t\t\t\t\t<\/div>\n\t\t\t\t<\/div>\n\t\t\t\t\t<\/div>\n\t\t\t\t<\/div>\n\t\t<div class=\"elementor-element elementor-element-cd980f3 e-flex e-con-boxed e-con e-parent\" data-id=\"cd980f3\" data-element_type=\"container\">\n\t\t\t\t\t<div class=\"e-con-inner\">\n\t\t\t\t<div class=\"elementor-element elementor-element-55e3d3b elementor-widget-divider--view-line elementor-widget elementor-widget-divider\" data-id=\"55e3d3b\" data-element_type=\"widget\" data-widget_type=\"divider.default\">\n\t\t\t\t\t\t\t<div class=\"elementor-divider\">\n\t\t\t<span class=\"elementor-divider-separator\">\n\t\t\t\t\t\t<\/span>\n\t\t<\/div>\n\t\t\t\t\t\t<\/div>\n\t\t\t\t\t<\/div>\n\t\t\t\t<\/div>\n\t\t<div class=\"elementor-element elementor-element-a7c4a8f division-query-template e-flex e-con-boxed e-con e-parent\" data-id=\"a7c4a8f\" data-element_type=\"container\">\n\t\t\t\t\t<div class=\"e-con-inner\">\n\t\t\t\t<div class=\"elementor-element elementor-element-cd278ea elementor-widget__width-initial elementor-invisible elementor-widget elementor-widget-heading\" data-id=\"cd278ea\" data-element_type=\"widget\" data-settings=\"{&quot;_animation&quot;:&quot;fadeInUp&quot;,&quot;sticky&quot;:&quot;top&quot;,&quot;sticky_offset&quot;:100,&quot;sticky_parent&quot;:&quot;yes&quot;,&quot;sticky_on&quot;:[&quot;desktop&quot;,&quot;tablet&quot;,&quot;mobile&quot;],&quot;sticky_effects_offset&quot;:0,&quot;sticky_anchor_link_offset&quot;:0}\" data-widget_type=\"heading.default\">\n\t\t\t\t\t<h2 class=\"elementor-heading-title elementor-size-default\">###<\/h2>\t\t\t\t<\/div>\n\t\t<div class=\"elementor-element elementor-element-5b17826 e-con-full e-flex e-con e-child\" data-id=\"5b17826\" data-element_type=\"container\">\n\t\t\t\t<\/div>\n\t\t\t\t\t<\/div>\n\t\t\t\t<\/div>\n\t\t<div class=\"elementor-element elementor-element-15f25e7 e-flex e-con-boxed e-con e-parent\" data-id=\"15f25e7\" data-element_type=\"container\">\n\t\t\t\t\t<div class=\"e-con-inner\">\n\t\t\t\t<div class=\"elementor-element elementor-element-2d61048 elementor-invisible elementor-widget elementor-widget-image\" data-id=\"2d61048\" data-element_type=\"widget\" data-settings=\"{&quot;_animation&quot;:&quot;fadeInUp&quot;}\" data-widget_type=\"image.default\">\n\t\t\t\t\t\t\t\t\t\t\t\t\t\t\t<img decoding=\"async\" width=\"152\" height=\"152\" src=\"https:\/\/breyer-rechtsanwaelte.de\/wp-content\/uploads\/2024\/08\/Breyer-Rechtsanwaelte-Piktogram.svg\" class=\"attachment-full size-full wp-image-4877\" alt=\"\" \/>\t\t\t\t\t\t\t\t\t\t\t\t\t\t\t<\/div>\n\t\t\t\t<div class=\"elementor-element elementor-element-c4d83df elementor-invisible elementor-widget elementor-widget-heading\" data-id=\"c4d83df\" data-element_type=\"widget\" data-settings=\"{&quot;_animation&quot;:&quot;fadeInUp&quot;,&quot;_animation_delay&quot;:100}\" data-widget_type=\"heading.default\">\n\t\t\t\t\t<h2 class=\"elementor-heading-title elementor-size-default\">An overview<\/h2>\t\t\t\t<\/div>\n\t\t\t\t<div class=\"elementor-element elementor-element-3b54efa elementor-grid-3 elementor-grid-tablet-2 elementor-grid-mobile-1 elementor-invisible elementor-widget elementor-widget-loop-grid\" data-id=\"3b54efa\" data-element_type=\"widget\" data-settings=\"{&quot;template_id&quot;:&quot;1681&quot;,&quot;row_gap&quot;:{&quot;unit&quot;:&quot;px&quot;,&quot;size&quot;:40,&quot;sizes&quot;:[]},&quot;_animation&quot;:&quot;fadeInUp&quot;,&quot;_animation_delay&quot;:200,&quot;_skin&quot;:&quot;post&quot;,&quot;columns&quot;:&quot;3&quot;,&quot;columns_tablet&quot;:&quot;2&quot;,&quot;columns_mobile&quot;:&quot;1&quot;,&quot;edit_handle_selector&quot;:&quot;[data-elementor-type=\\&quot;loop-item\\&quot;]&quot;,&quot;row_gap_tablet&quot;:{&quot;unit&quot;:&quot;px&quot;,&quot;size&quot;:&quot;&quot;,&quot;sizes&quot;:[]},&quot;row_gap_mobile&quot;:{&quot;unit&quot;:&quot;px&quot;,&quot;size&quot;:&quot;&quot;,&quot;sizes&quot;:[]}}\" data-widget_type=\"loop-grid.post\">\n\t\t\t\t<div class=\"elementor-widget-container\">\n\t\t\t\t\t\t\t<div class=\"elementor-loop-container elementor-grid\" role=\"list\">\n\t\t<style id=\"loop-1681\">.elementor-1681 .elementor-element.elementor-element-59817b7{--display:flex;--min-height:520px;--flex-direction:column;--container-widget-width:calc( ( 1 - var( --container-widget-flex-grow ) ) * 100% );--container-widget-height:initial;--container-widget-flex-grow:0;--container-widget-align-self:initial;--flex-wrap-mobile:wrap;--justify-content:space-between;--align-items:flex-start;box-shadow:0px 0px 5px 0px rgba(0, 0, 0, 0.1);--margin-top:0px;--margin-bottom:0px;--margin-left:0px;--margin-right:0px;--padding-top:0px;--padding-bottom:0px;--padding-left:0px;--padding-right:0px;}.elementor-1681 .elementor-element.elementor-element-59817b7:not(.elementor-motion-effects-element-type-background), .elementor-1681 .elementor-element.elementor-element-59817b7 > .elementor-motion-effects-container > .elementor-motion-effects-layer{background-color:var( --e-global-color-accent );}.elementor-1681 .elementor-element.elementor-element-26c4874{--display:flex;--gap:0px 0px;--row-gap:0px;--column-gap:0px;--margin-top:0px;--margin-bottom:0px;--margin-left:0px;--margin-right:0px;--padding-top:0px;--padding-bottom:0px;--padding-left:0px;--padding-right:0px;}.elementor-1681 .elementor-element.elementor-element-d68cad0:hover{--e-transform-rotateZ:1deg;--e-transform-scale:1.05;}.elementor-1681 .elementor-element.elementor-element-d68cad0{margin:0px 0px calc(var(--kit-widget-spacing, 0px) + 0px) 0px;--e-transform-transition-duration:1000ms;}.elementor-1681 .elementor-element.elementor-element-d68cad0 img{width:100%;}.elementor-1681 .elementor-element.elementor-element-9a7e2f6{--display:flex;--margin-top:0px;--margin-bottom:0px;--margin-left:0px;--margin-right:0px;--padding-top:20px;--padding-bottom:20px;--padding-left:20px;--padding-right:20px;}.elementor-1681 .elementor-element.elementor-element-c8cc8f4{font-family:var( --e-global-typography-4df5472-font-family ), Sans-serif;font-size:var( --e-global-typography-4df5472-font-size );font-weight:var( --e-global-typography-4df5472-font-weight );text-transform:var( --e-global-typography-4df5472-text-transform );font-style:var( --e-global-typography-4df5472-font-style );text-decoration:var( --e-global-typography-4df5472-text-decoration );line-height:var( --e-global-typography-4df5472-line-height );letter-spacing:var( --e-global-typography-4df5472-letter-spacing );color:var( --e-global-color-f2bf6e1 );}.elementor-1681 .elementor-element.elementor-element-b2684b3 .elementor-heading-title{font-family:var( --e-global-typography-e61947c-font-family ), Sans-serif;font-size:var( --e-global-typography-e61947c-font-size );font-weight:var( --e-global-typography-e61947c-font-weight );text-transform:var( --e-global-typography-e61947c-text-transform );font-style:var( --e-global-typography-e61947c-font-style );text-decoration:var( --e-global-typography-e61947c-text-decoration );line-height:var( --e-global-typography-e61947c-line-height );letter-spacing:var( --e-global-typography-e61947c-letter-spacing );}.elementor-1681 .elementor-element.elementor-element-f7c1fc4{font-family:var( --e-global-typography-text-font-family ), Sans-serif;font-size:var( --e-global-typography-text-font-size );font-weight:var( --e-global-typography-text-font-weight );text-transform:var( --e-global-typography-text-text-transform );font-style:var( --e-global-typography-text-font-style );text-decoration:var( --e-global-typography-text-text-decoration );line-height:var( --e-global-typography-text-line-height );letter-spacing:var( --e-global-typography-text-letter-spacing );}.elementor-1681 .elementor-element.elementor-element-f9dcfaa{--display:flex;--margin-top:0px;--margin-bottom:0px;--margin-left:0px;--margin-right:0px;--padding-top:0px;--padding-bottom:20px;--padding-left:20px;--padding-right:20px;}.elementor-1681 .elementor-element.elementor-element-8351ede{--display:flex;border-style:solid;--border-style:solid;border-width:1px 0px 0px 0px;--border-top-width:1px;--border-right-width:0px;--border-bottom-width:0px;--border-left-width:0px;border-color:var( --e-global-color-f2bf6e1 );--border-color:var( --e-global-color-f2bf6e1 );--margin-top:0px;--margin-bottom:0px;--margin-left:0px;--margin-right:0px;--padding-top:10px;--padding-bottom:0px;--padding-left:0px;--padding-right:0px;}.elementor-1681 .elementor-element.elementor-element-7c29d6a{font-family:var( --e-global-typography-4df5472-font-family ), Sans-serif;font-size:var( --e-global-typography-4df5472-font-size );font-weight:var( --e-global-typography-4df5472-font-weight );text-transform:var( --e-global-typography-4df5472-text-transform );font-style:var( --e-global-typography-4df5472-font-style );text-decoration:var( --e-global-typography-4df5472-text-decoration );line-height:var( --e-global-typography-4df5472-line-height );letter-spacing:var( --e-global-typography-4df5472-letter-spacing );color:var( --e-global-color-f2bf6e1 );}@media(max-width:1379px){.elementor-1681 .elementor-element.elementor-element-c8cc8f4{font-size:var( --e-global-typography-4df5472-font-size );line-height:var( --e-global-typography-4df5472-line-height );letter-spacing:var( --e-global-typography-4df5472-letter-spacing );}.elementor-1681 .elementor-element.elementor-element-b2684b3 .elementor-heading-title{font-size:var( --e-global-typography-e61947c-font-size );line-height:var( --e-global-typography-e61947c-line-height );letter-spacing:var( --e-global-typography-e61947c-letter-spacing );}.elementor-1681 .elementor-element.elementor-element-f7c1fc4{font-size:var( --e-global-typography-text-font-size );line-height:var( --e-global-typography-text-line-height );letter-spacing:var( --e-global-typography-text-letter-spacing );}.elementor-1681 .elementor-element.elementor-element-7c29d6a{font-size:var( --e-global-typography-4df5472-font-size );line-height:var( --e-global-typography-4df5472-line-height );letter-spacing:var( --e-global-typography-4df5472-letter-spacing );}}@media(max-width:767px){.elementor-1681 .elementor-element.elementor-element-c8cc8f4{font-size:var( --e-global-typography-4df5472-font-size );line-height:var( --e-global-typography-4df5472-line-height );letter-spacing:var( --e-global-typography-4df5472-letter-spacing );}.elementor-1681 .elementor-element.elementor-element-b2684b3 .elementor-heading-title{font-size:var( --e-global-typography-e61947c-font-size );line-height:var( --e-global-typography-e61947c-line-height );letter-spacing:var( --e-global-typography-e61947c-letter-spacing );}.elementor-1681 .elementor-element.elementor-element-f7c1fc4{font-size:var( --e-global-typography-text-font-size );line-height:var( --e-global-typography-text-line-height );letter-spacing:var( --e-global-typography-text-letter-spacing );}.elementor-1681 .elementor-element.elementor-element-7c29d6a{font-size:var( --e-global-typography-4df5472-font-size );line-height:var( --e-global-typography-4df5472-line-height );letter-spacing:var( --e-global-typography-4df5472-letter-spacing );}}\/* Start custom CSS for image, class: .elementor-element-d68cad0 *\/.elementor-1681 .elementor-element.elementor-element-d68cad0 a {\n    width: 100%;\n}\n.elementor-1681 .elementor-element.elementor-element-d68cad0 img {\n    aspect-ratio: 3 \/ 2;\n    object-fit: cover;\n    object-position: center center;\n}\n.elementor-1681 .elementor-element.elementor-element-d68cad0 {\n    overflow: hidden;\n}\/* End custom CSS *\/\n\/* Start custom CSS for text-editor, class: .elementor-element-f7c1fc4 *\/.elementor-1681 .elementor-element.elementor-element-f7c1fc4 {\n    color: var(--division-hover-color);\n    hyphens: auto;\n    transition: color 0.3s ease-out;\n}\n\n.elementor-1681 .elementor-element.elementor-element-f7c1fc4 .elementor-widget-container {\n    max-height: 4.5em;\n    overflow: hidden;\n    position: relative;\n}\n.elementor-1681 .elementor-element.elementor-element-f7c1fc4 .elementor-widget-container::before {\n    background: linear-gradient(to right, var(--e-global-color-secondary), var(--e-global-color-accent) 75%, var(--e-global-color-accent) 100%);\n    content: \"\";\n    height: 1.5em;\n    left: 70%;\n    padding-right: 3%;\n    position: absolute;\n    text-align: right;\n    top: 3em;\n    width: 30%;\n    z-index: 1;\n}\/* End custom CSS *\/\n\/* Start custom CSS for container, class: .elementor-element-59817b7 *\/.elementor-1681 .elementor-element.elementor-element-59817b7 {\n    height: 100%;\n}\/* End custom CSS *\/<\/style>\t\t<div data-elementor-type=\"loop-item\" data-elementor-id=\"1681\" class=\"elementor elementor-1681 e-loop-item e-loop-item-9358 post-9358 post type-post status-publish format-standard has-post-thumbnail hentry category-webinare category-aktuelles\" data-elementor-post-type=\"elementor_library\" data-custom-edit-handle=\"1\">\n\t\t\t<div class=\"elementor-element elementor-element-59817b7 e-con-full e-flex elementor-invisible e-con e-parent\" data-id=\"59817b7\" data-element_type=\"container\" data-settings=\"{&quot;background_background&quot;:&quot;classic&quot;,&quot;animation&quot;:&quot;fadeIn&quot;}\">\n\t\t<div class=\"elementor-element elementor-element-26c4874 e-con-full e-flex e-con e-child\" data-id=\"26c4874\" data-element_type=\"container\">\n\t\t\t\t<div class=\"elementor-element elementor-element-d68cad0 e-transform e-transform elementor-invisible elementor-widget elementor-widget-image\" data-id=\"d68cad0\" data-element_type=\"widget\" data-settings=\"{&quot;_animation&quot;:&quot;fadeIn&quot;,&quot;_transform_rotateZ_effect_hover&quot;:{&quot;unit&quot;:&quot;px&quot;,&quot;size&quot;:1,&quot;sizes&quot;:[]},&quot;_transform_scale_effect_hover&quot;:{&quot;unit&quot;:&quot;px&quot;,&quot;size&quot;:1.05,&quot;sizes&quot;:[]},&quot;_transform_rotateZ_effect_hover_tablet&quot;:{&quot;unit&quot;:&quot;deg&quot;,&quot;size&quot;:&quot;&quot;,&quot;sizes&quot;:[]},&quot;_transform_rotateZ_effect_hover_mobile&quot;:{&quot;unit&quot;:&quot;deg&quot;,&quot;size&quot;:&quot;&quot;,&quot;sizes&quot;:[]},&quot;_transform_scale_effect_hover_tablet&quot;:{&quot;unit&quot;:&quot;px&quot;,&quot;size&quot;:&quot;&quot;,&quot;sizes&quot;:[]},&quot;_transform_scale_effect_hover_mobile&quot;:{&quot;unit&quot;:&quot;px&quot;,&quot;size&quot;:&quot;&quot;,&quot;sizes&quot;:[]}}\" data-widget_type=\"image.default\">\n\t\t\t\t\t\t\t\t\t\t\t\t\t\t\t\t<a href=\"https:\/\/breyer-rechtsanwaelte.de\/en\/webinar-zum-bgh-urteil-vom-19-09-2024-vii-zr-10-24\/\">\n\t\t\t\t\t\t\t<img fetchpriority=\"high\" decoding=\"async\" width=\"662\" height=\"596\" src=\"https:\/\/breyer-rechtsanwaelte.de\/wp-content\/uploads\/2024\/11\/Webinar-12-2024.jpg\" class=\"attachment-large size-large wp-image-9403\" alt=\"\" srcset=\"https:\/\/breyer-rechtsanwaelte.de\/wp-content\/uploads\/2024\/11\/Webinar-12-2024.jpg 662w, https:\/\/breyer-rechtsanwaelte.de\/wp-content\/uploads\/2024\/11\/Webinar-12-2024-400x360.jpg 400w, https:\/\/breyer-rechtsanwaelte.de\/wp-content\/uploads\/2024\/11\/Webinar-12-2024-13x12.jpg 13w\" sizes=\"(max-width: 662px) 100vw, 662px\" \/>\t\t\t\t\t\t\t\t<\/a>\n\t\t\t\t\t\t\t\t\t\t\t\t\t\t\t<\/div>\n\t\t<div class=\"elementor-element elementor-element-9a7e2f6 e-con-full e-flex e-con e-child\" data-id=\"9a7e2f6\" data-element_type=\"container\">\n\t\t\t\t<div class=\"elementor-element elementor-element-c8cc8f4 elementor-invisible elementor-widget elementor-widget-text-editor\" data-id=\"c8cc8f4\" data-element_type=\"widget\" data-settings=\"{&quot;_animation&quot;:&quot;fadeInUp&quot;,&quot;_animation_delay&quot;:100}\" data-widget_type=\"text-editor.default\">\n\t\t\t\t\t\t\t\t\t<span><span>Webinare<\/span><\/span>, <span><span>News<\/span><\/span>\t\t\t\t\t\t\t\t<\/div>\n\t\t\t\t<div class=\"elementor-element elementor-element-b2684b3 elementor-invisible elementor-widget elementor-widget-heading\" data-id=\"b2684b3\" data-element_type=\"widget\" data-settings=\"{&quot;_animation&quot;:&quot;fadeInUp&quot;,&quot;_animation_delay&quot;:200}\" data-widget_type=\"heading.default\">\n\t\t\t\t\t<h2 class=\"elementor-heading-title elementor-size-default\"><a href=\"https:\/\/breyer-rechtsanwaelte.de\/en\/webinar-zum-bgh-urteil-vom-19-09-2024-vii-zr-10-24\/\">Webinar zum BGH-Urteil vom 19.09.2024 VII ZR 10\/24<\/a><\/h2>\t\t\t\t<\/div>\n\t\t\t\t<div class=\"elementor-element elementor-element-f7c1fc4 elementor-invisible elementor-widget elementor-widget-text-editor\" data-id=\"f7c1fc4\" data-element_type=\"widget\" data-settings=\"{&quot;_animation&quot;:&quot;fadeInUp&quot;,&quot;_animation_delay&quot;:300}\" data-widget_type=\"text-editor.default\">\n\t\t\t\t\t\t\t\t\tDozenten: Dr. Michael Burdinski, Franziska Bouchard\t\t\t\t\t\t\t\t<\/div>\n\t\t\t\t<\/div>\n\t\t\t\t<\/div>\n\t\t<div class=\"elementor-element elementor-element-f9dcfaa e-con-full e-flex e-con e-child\" data-id=\"f9dcfaa\" data-element_type=\"container\">\n\t\t<div class=\"elementor-element elementor-element-8351ede e-con-full e-flex elementor-invisible e-con e-child\" data-id=\"8351ede\" data-element_type=\"container\" data-settings=\"{&quot;animation&quot;:&quot;fadeInUp&quot;,&quot;animation_delay&quot;:400}\">\n\t\t\t\t<div class=\"elementor-element elementor-element-7c29d6a elementor-widget elementor-widget-text-editor\" data-id=\"7c29d6a\" data-element_type=\"widget\" data-widget_type=\"text-editor.default\">\n\t\t\t\t\t\t\t\t\t21.11.2024\t\t\t\t\t\t\t\t<\/div>\n\t\t\t\t<\/div>\n\t\t\t\t<\/div>\n\t\t\t\t<\/div>\n\t\t\t\t<\/div>\n\t\t\t\t<\/div>\n\t\t\n\t\t\t\t\t\t<\/div>\n\t\t\t\t<\/div>\n\t\t\t\t\t<\/div>\n\t\t\t\t<\/div>\n\t\t\t\t<\/div>","protected":false},"excerpt":{"rendered":"<p>Inhouse Home Seminare Inhouse Webinare &#8211; Onlineseminare &#8211; Ausgew\u00e4hlte Schulungen bieten wir Ihnen selbstverst\u00e4ndlich gerne auch als Online-Veranstaltung an. Dies kann allgemein f\u00fcr die Mitarbeiter Ihres Unternehmens oder spezifisch f\u00fcr einzelne Mitarbeiter Ihres Unternehmens f\u00fcr Fortbildungszwecke interessant sein. Unser Team arbeitet mit Ihnen die aktuelle rechtliche Inhalte durch und erkl\u00e4rt Ihnen, welche Auswirkungen dies auf [&hellip;]<\/p>","protected":false},"author":2,"featured_media":0,"parent":5245,"menu_order":0,"comment_status":"closed","ping_status":"closed","template":"","meta":{"_acf_changed":false,"footnotes":""},"class_list":["post-9383","page","type-page","status-publish","hentry"],"acf":[],"_links":{"self":[{"href":"https:\/\/breyer-rechtsanwaelte.de\/en\/wp-json\/wp\/v2\/pages\/9383","targetHints":{"allow":["GET"]}}],"collection":[{"href":"https:\/\/breyer-rechtsanwaelte.de\/en\/wp-json\/wp\/v2\/pages"}],"about":[{"href":"https:\/\/breyer-rechtsanwaelte.de\/en\/wp-json\/wp\/v2\/types\/page"}],"author":[{"embeddable":true,"href":"https:\/\/breyer-rechtsanwaelte.de\/en\/wp-json\/wp\/v2\/users\/2"}],"replies":[{"embeddable":true,"href":"https:\/\/breyer-rechtsanwaelte.de\/en\/wp-json\/wp\/v2\/comments?post=9383"}],"version-history":[{"count":0,"href":"https:\/\/breyer-rechtsanwaelte.de\/en\/wp-json\/wp\/v2\/pages\/9383\/revisions"}],"up":[{"embeddable":true,"href":"https:\/\/breyer-rechtsanwaelte.de\/en\/wp-json\/wp\/v2\/pages\/5245"}],"wp:attachment":[{"href":"https:\/\/breyer-rechtsanwaelte.de\/en\/wp-json\/wp\/v2\/media?parent=9383"}],"curies":[{"name":"wp","href":"https:\/\/api.w.org\/{rel}","templated":true}]}}